{"id":3001,"date":"2022-05-30T10:51:55","date_gmt":"2022-05-30T10:51:55","guid":{"rendered":"https:\/\/arp.cwtest.ro\/?page_id=3001"},"modified":"2022-09-20T08:44:02","modified_gmt":"2022-09-20T08:44:02","slug":"fazarea-proiectului-de-miscare-a-aeroportului-craiova","status":"publish","type":"page","link":"http:\/\/aeroportcraiova.ro\/bg\/fazarea-proiectului-de-miscare-a-aeroportului-craiova\/","title":{"rendered":"Fazarea proiectului reabilitarea infrastructurii de miscare a Aeroportului Craiova"},"content":{"rendered":"\t\t<div data-elementor-type=\"wp-page\" data-elementor-id=\"3001\" class=\"elementor elementor-3001\">\n\t\t\t\t\t\t<section class=\"elementor-section elementor-top-section elementor-element elementor-element-976cf66 elementor-section-full_width elementor-section-height-default elementor-section-height-default row-top\" data-id=\"976cf66\" data-element_type=\"section\" data-e-type=\"section\">\n\t\t\t\t\t\t<div class=\"elementor-container elementor-column-gap-no\">\n\t\t\t\t\t<div class=\"elementor-column elementor-col-100 elementor-top-column elementor-element elementor-element-4897b12\" data-id=\"4897b12\" data-element_type=\"column\" data-e-type=\"column\">\n\t\t\t<div class=\"elementor-widget-wrap elementor-element-populated\">\n\t\t\t\t\t\t<div class=\"elementor-element elementor-element-7302eef elementor-widget elementor-widget-slider_revolution\" data-id=\"7302eef\" data-element_type=\"widget\" data-e-type=\"widget\" data-widget_type=\"slider_revolution.default\">\n\t\t\t\t<div class=\"elementor-widget-container\">\n\t\t\t\t\t\n\t\t<div class=\"wp-block-themepunch-revslider\">\n\t\t\t<!-- START Slider I REVOLUTION SLIDER 6.5.20 --><p class=\"rs-p-wp-fix\"><\/p>\n\t\t\t<rs-module-wrap id=\"rev_slider_1_1_wrapper\" data-source=\"gallery\" style=\"visibility:hidden;background:transparent;padding:0;margin:0px auto;margin-top:0;margin-bottom:0;max-width:100%;\">\n\t\t\t\t<rs-module id=\"rev_slider_1_1\" style=\"\" data-version=\"6.5.20\">\n\t\t\t\t\t<rs-slides>\n\t\t\t\t\t\t<rs-slide style=\"position: absolute;\" data-key=\"rs-1\" data-title=\"Slide\" data-anim=\"d:20;ms:1500;f:edges;\" data-in=\"prst:rndany;o:0;x:cyc(20|10|8|5|2|1|2|-1|-2|-5|-8|-10|-20);y:cyc(20|10|8|5|2|1|2|-1|-2|-5|-8|-10|-20);r:cyc(20|10|8|5|2|1|2|-1|-2|-5|-8|-10|-20);sx:cyc(8|7|6|4|3|2|1.3|2|3|4|6|7|8);sy:cyc(8|7|6|4|3|2|1.3|2|3|4|6|7|8);m:true;row:17;col:17;\" data-out=\"o:0;\" data-alttrans=\"random-premium,random\">\n\t\t\t\t\t\t\t<img fetchpriority=\"high\" decoding=\"async\" src=\"\/\/aeroportcraiova.ro\/wp-content\/plugins\/revslider\/public\/assets\/assets\/dummy.png\" alt=\"\" title=\"aeroport-main\" width=\"1994\" height=\"1329\" class=\"rev-slidebg tp-rs-img rs-lazyload\" data-lazyload=\"\/\/aeroportcraiova.ro\/wp-content\/uploads\/2024\/03\/aeroport-main-1.jpg\" data-parallax=\"9\" data-no-retina>\n<!--\n\t\t\t\t\t\t\t--><rs-layer\n\t\t\t\t\t\t\t\tid=\"slider-1-slide-1-layer-0\" \n\t\t\t\t\t\t\t\tdata-type=\"text\"\n\t\t\t\t\t\t\t\tdata-color=\"rgba(54, 167, 231, 0.75)\"\n\t\t\t\t\t\t\t\tdata-rsp_ch=\"on\"\n\t\t\t\t\t\t\t\tdata-xy=\"x:c;xo:1px,1px,0,-4px;y:m;yo:29px,29px,44px,37px;\"\n\t\t\t\t\t\t\t\tdata-text=\"w:normal;s:40,40,26,18;l:40,40,26,16;fw:500;\"\n\t\t\t\t\t\t\t\tdata-frame_1=\"e:power4.inOut;st:1680;sp:1200;sR:1680;\"\n\t\t\t\t\t\t\t\tdata-frame_1_sfx=\"se:blocktotop;\"\n\t\t\t\t\t\t\t\tdata-frame_999=\"o:0;st:w;sR:6120;\"\n\t\t\t\t\t\t\t\tstyle=\"z-index:10;font-family:'DM Sans';\"\n\t\t\t\t\t\t\t> \n\t\t\t\t\t\t\t<\/rs-layer><!--\n\n\t\t\t\t\t\t\t--><rs-layer\n\t\t\t\t\t\t\t\tid=\"slider-1-slide-1-layer-2\" \n\t\t\t\t\t\t\t\tdata-type=\"image\"\n\t\t\t\t\t\t\t\tdata-rsp_ch=\"on\"\n\t\t\t\t\t\t\t\tdata-xy=\"xo:501px,501px,332px,254px;yo:308px,308px,204px,182px;\"\n\t\t\t\t\t\t\t\tdata-text=\"w:normal;s:20,20,12,7;l:0,0,15,9;\"\n\t\t\t\t\t\t\t\tdata-dim=\"w:409px,409px,271px,167px;h:24px,24px,15px,9px;\"\n\t\t\t\t\t\t\t\tdata-frame_0=\"x:-100%;\"\n\t\t\t\t\t\t\t\tdata-frame_0_mask=\"u:t;\"\n\t\t\t\t\t\t\t\tdata-frame_1=\"st:1120;sp:1000;sR:1120;\"\n\t\t\t\t\t\t\t\tdata-frame_1_mask=\"u:t;\"\n\t\t\t\t\t\t\t\tdata-frame_999=\"o:0;st:w;sR:6880;\"\n\t\t\t\t\t\t\t\tstyle=\"z-index:9;\"\n\t\t\t\t\t\t\t><img decoding=\"async\" src=\"\/\/aeroportcraiova.ro\/wp-content\/plugins\/revslider\/public\/assets\/assets\/dummy.png\" alt=\"\" class=\"tp-rs-img rs-lazyload\" width=\"409\" height=\"24\" data-lazyload=\"\/\/aeroportcraiova.ro\/wp-content\/uploads\/revslider\/slider-1\/layer-1.png\" data-no-retina> \n\t\t\t\t\t\t\t<\/rs-layer><!--\n\n\t\t\t\t\t\t\t--><rs-layer\n\t\t\t\t\t\t\t\tid=\"slider-1-slide-1-layer-12\" \n\t\t\t\t\t\t\t\tdata-type=\"text\"\n\t\t\t\t\t\t\t\tdata-rsp_ch=\"on\"\n\t\t\t\t\t\t\t\tdata-xy=\"x:c;xo:31px,31px,15px,9px;y:m;yo:-89px,-89px,-33px,-13px;\"\n\t\t\t\t\t\t\t\tdata-text=\"w:normal;s:80,80,58,36;l:106,106,75,55;a:center;\"\n\t\t\t\t\t\t\t\tdata-frame_1=\"e:power4.inOut;st:220;sp:1200;sR:220;\"\n\t\t\t\t\t\t\t\tdata-frame_1_sfx=\"se:blocktoright;\"\n\t\t\t\t\t\t\t\tdata-frame_999=\"o:0;st:w;sR:7580;\"\n\t\t\t\t\t\t\t\tstyle=\"z-index:8;font-family:'reey';\"\n\t\t\t\t\t\t\t>Aripi catre lumea intreaga \n\t\t\t\t\t\t\t<\/rs-layer><!--\n-->\t\t\t\t\t\t<\/rs-slide>\n\t\t\t\t\t<\/rs-slides>\n\t\t\t\t<\/rs-module>\n\t\t\t\t<script>\n\t\t\t\t\tsetREVStartSize({c: 'rev_slider_1_1',rl:[1240,1240,778,480],el:[700,700,480,350],gw:[1170,1170,778,480],gh:[700,700,480,350],type:'standard',justify:'',layout:'fullwidth',mh:\"0\"});if (window.RS_MODULES!==undefined && window.RS_MODULES.modules!==undefined && window.RS_MODULES.modules[\"revslider11\"]!==undefined) {window.RS_MODULES.modules[\"revslider11\"].once = false;window.revapi1 = undefined;if (window.RS_MODULES.checkMinimal!==undefined) window.RS_MODULES.checkMinimal()}\n\t\t\t\t<\/script>\n\t\t\t<\/rs-module-wrap>\n\t\t\t<!-- END REVOLUTION SLIDER -->\n<\/div>\n\n\t\t\t\t\t\t<\/div>\n\t\t\t\t<\/div>\n\t\t\t\t<div class=\"elementor-element elementor-element-97010f5 elementor-widget elementor-widget-spacer\" data-id=\"97010f5\" data-element_type=\"widget\" data-e-type=\"widget\" data-widget_type=\"spacer.default\">\n\t\t\t\t<div class=\"elementor-widget-container\">\n\t\t\t\t\t\t\t<div class=\"elementor-spacer\">\n\t\t\t<div class=\"elementor-spacer-inner\"><\/div>\n\t\t<\/div>\n\t\t\t\t\t\t<\/div>\n\t\t\t\t<\/div>\n\t\t\t\t\t<\/div>\n\t\t<\/div>\n\t\t\t\t\t<\/div>\n\t\t<\/section>\n\t\t\t\t<section class=\"elementor-section elementor-top-section elementor-element elementor-element-027e8cd elementor-section-boxed elementor-section-height-default elementor-section-height-default row-top elementor-invisible\" data-id=\"027e8cd\" data-element_type=\"section\" data-e-type=\"section\" data-settings=\"{&quot;animation&quot;:&quot;slideInLeft&quot;}\">\n\t\t\t\t\t\t<div class=\"elementor-container elementor-column-gap-default\">\n\t\t\t\t\t<div class=\"elementor-column elementor-col-100 elementor-top-column elementor-element elementor-element-9502a6b\" data-id=\"9502a6b\" data-element_type=\"column\" data-e-type=\"column\">\n\t\t\t<div class=\"elementor-widget-wrap elementor-element-populated\">\n\t\t\t\t\t\t<div class=\"elementor-element elementor-element-ba085dd elementor-widget elementor-widget-gva-heading-block\" data-id=\"ba085dd\" data-element_type=\"widget\" data-e-type=\"widget\" data-widget_type=\"gva-heading-block.default\">\n\t\t\t\t<div class=\"elementor-widget-container\">\n\t\t\t\t\t<div class=\"gva-element-gva-heading-block gva-element\">   <div class=\"align-center style-1 widget gsc-heading box-align-center auto-responsive\">\r\n      <div class=\"content-inner\">\r\n         \r\n                  \r\n           \r\n         \r\n                     <h2 class=\"title\">\r\n               <span>Extinderea si modernizarea Aeroportului International Craiova<\/span>\r\n            <\/h2>\r\n                  \r\n         \r\n      <\/div>\r\n   <\/div>\r\n<\/div>\t\t\t\t<\/div>\n\t\t\t\t<\/div>\n\t\t\t\t\t<\/div>\n\t\t<\/div>\n\t\t\t\t\t<\/div>\n\t\t<\/section>\n\t\t\t\t<section class=\"elementor-section elementor-top-section elementor-element elementor-element-12a8084 elementor-section-boxed elementor-section-height-default elementor-section-height-default row-top\" data-id=\"12a8084\" data-element_type=\"section\" data-e-type=\"section\">\n\t\t\t\t\t\t<div class=\"elementor-container elementor-column-gap-default\">\n\t\t\t\t\t<div class=\"elementor-column elementor-col-33 elementor-top-column elementor-element elementor-element-c01eb65\" data-id=\"c01eb65\" data-element_type=\"column\" data-e-type=\"column\">\n\t\t\t<div class=\"elementor-widget-wrap elementor-element-populated\">\n\t\t\t\t\t\t<div class=\"elementor-element elementor-element-d21317a elementor-widget elementor-widget-image\" data-id=\"d21317a\" data-element_type=\"widget\" data-e-type=\"widget\" data-widget_type=\"image.default\">\n\t\t\t\t<div class=\"elementor-widget-container\">\n\t\t\t\t\t\t\t\t\t\t\t\t\t\t\t\t<a href=\"https:\/\/www.fonduri-ue.ro\/\">\n\t\t\t\t\t\t\t<img decoding=\"async\" width=\"327\" height=\"220\" src=\"https:\/\/aeroportcraiova.ro\/wp-content\/uploads\/2022\/05\/UE.jpg\" class=\"attachment-tevily_medium size-tevily_medium wp-image-2970\" alt=\"\" \/>\t\t\t\t\t\t\t\t<\/a>\n\t\t\t\t\t\t\t\t\t\t\t\t\t\t\t<\/div>\n\t\t\t\t<\/div>\n\t\t\t\t\t<\/div>\n\t\t<\/div>\n\t\t\t\t<div class=\"elementor-column elementor-col-33 elementor-top-column elementor-element elementor-element-a122e55\" data-id=\"a122e55\" data-element_type=\"column\" data-e-type=\"column\">\n\t\t\t<div class=\"elementor-widget-wrap elementor-element-populated\">\n\t\t\t\t\t\t<div class=\"elementor-element elementor-element-06d5455 elementor-widget elementor-widget-image\" data-id=\"06d5455\" data-element_type=\"widget\" data-e-type=\"widget\" data-widget_type=\"image.default\">\n\t\t\t\t<div class=\"elementor-widget-container\">\n\t\t\t\t\t\t\t\t\t\t\t\t\t\t\t\t<a href=\"https:\/\/www.gov.ro\/\">\n\t\t\t\t\t\t\t<img loading=\"lazy\" decoding=\"async\" width=\"327\" height=\"220\" src=\"https:\/\/aeroportcraiova.ro\/wp-content\/uploads\/2022\/05\/GUV.jpg\" class=\"attachment-tevily_medium size-tevily_medium wp-image-2971\" alt=\"\" \/>\t\t\t\t\t\t\t\t<\/a>\n\t\t\t\t\t\t\t\t\t\t\t\t\t\t\t<\/div>\n\t\t\t\t<\/div>\n\t\t\t\t\t<\/div>\n\t\t<\/div>\n\t\t\t\t<div class=\"elementor-column elementor-col-33 elementor-top-column elementor-element elementor-element-f033c0b\" data-id=\"f033c0b\" data-element_type=\"column\" data-e-type=\"column\">\n\t\t\t<div class=\"elementor-widget-wrap elementor-element-populated\">\n\t\t\t\t\t\t<div class=\"elementor-element elementor-element-6b4661c elementor-widget elementor-widget-image\" data-id=\"6b4661c\" data-element_type=\"widget\" data-e-type=\"widget\" data-widget_type=\"image.default\">\n\t\t\t\t<div class=\"elementor-widget-container\">\n\t\t\t\t\t\t\t\t\t\t\t\t\t\t\t\t<a href=\"https:\/\/www.fonduri-ue.ro\/\">\n\t\t\t\t\t\t\t<img loading=\"lazy\" decoding=\"async\" width=\"300\" height=\"300\" src=\"https:\/\/aeroportcraiova.ro\/wp-content\/uploads\/2022\/05\/logo-IS-2014-2020-300x300-1.png\" class=\"attachment-tevily_medium size-tevily_medium wp-image-2959\" alt=\"\" srcset=\"https:\/\/aeroportcraiova.ro\/wp-content\/uploads\/2022\/05\/logo-IS-2014-2020-300x300-1.png 300w, https:\/\/aeroportcraiova.ro\/wp-content\/uploads\/2022\/05\/logo-IS-2014-2020-300x300-1-180x180.png 180w\" sizes=\"(max-width: 300px) 100vw, 300px\" \/>\t\t\t\t\t\t\t\t<\/a>\n\t\t\t\t\t\t\t\t\t\t\t\t\t\t\t<\/div>\n\t\t\t\t<\/div>\n\t\t\t\t\t<\/div>\n\t\t<\/div>\n\t\t\t\t\t<\/div>\n\t\t<\/section>\n\t\t\t\t<section class=\"elementor-section elementor-top-section elementor-element elementor-element-0212559 elementor-section-boxed elementor-section-height-default elementor-section-height-default row-top\" data-id=\"0212559\" data-element_type=\"section\" data-e-type=\"section\">\n\t\t\t\t\t\t<div class=\"elementor-container elementor-column-gap-default\">\n\t\t\t\t\t<div class=\"elementor-column elementor-col-100 elementor-top-column elementor-element elementor-element-f5e0ebb\" data-id=\"f5e0ebb\" data-element_type=\"column\" data-e-type=\"column\">\n\t\t\t<div class=\"elementor-widget-wrap elementor-element-populated\">\n\t\t\t\t\t\t<div class=\"elementor-element elementor-element-2d5e388 elementor-widget elementor-widget-gva-heading-block\" data-id=\"2d5e388\" data-element_type=\"widget\" data-e-type=\"widget\" data-widget_type=\"gva-heading-block.default\">\n\t\t\t\t<div class=\"elementor-widget-container\">\n\t\t\t\t\t<div class=\"gva-element-gva-heading-block gva-element\">   <div class=\"align-center style-1 widget gsc-heading box-align-left auto-responsive\">\r\n      <div class=\"content-inner\">\r\n         \r\n                  \r\n           \r\n         \r\n                     <h1 class=\"title\">\r\n               <span><a href=\"https:\/\/aeroportcraiova.ro\/wp-content\/uploads\/2022\/05\/Comunicat-semnare-contract-fazare-1.pdf\">Comunicat semnare contract fazare <\/a><\/span>\r\n            <\/h1>\r\n                  \r\n         \r\n      <\/div>\r\n   <\/div>\r\n<\/div>\t\t\t\t<\/div>\n\t\t\t\t<\/div>\n\t\t\t\t<div class=\"elementor-element elementor-element-6dcfe3e elementor-widget elementor-widget-text-editor\" data-id=\"6dcfe3e\" data-element_type=\"widget\" data-e-type=\"widget\" data-widget_type=\"text-editor.default\">\n\t\t\t\t<div class=\"elementor-widget-container\">\n\t\t\t\t\t\t\t\t\t<p>Pentru informa\u0163ii detaliate despre celelalte programe cofinantate de Uniunea Europeana, v\u0103 invit\u0103m s\u0103 vizita\u0163i <a href=\"http:\/\/www.fonduri-ue.ro\">www.fonduri-ue.ro<\/a><\/p><p><b>Con\u0163inutul acestui material nu reprezint\u0103 \u00een mod obligatoriu pozi\u0163ia oficial\u0103 a Uniunii Europene sau a Guvernului Rom\u00e2niei.<\/b><\/p>\t\t\t\t\t\t\t\t<\/div>\n\t\t\t\t<\/div>\n\t\t\t\t\t<\/div>\n\t\t<\/div>\n\t\t\t\t\t<\/div>\n\t\t<\/section>\n\t\t\t\t<section class=\"elementor-section elementor-top-section elementor-element elementor-element-3e812d0 elementor-section-boxed elementor-section-height-default elementor-section-height-default row-top\" data-id=\"3e812d0\" data-element_type=\"section\" data-e-type=\"section\">\n\t\t\t\t\t\t<div class=\"elementor-container elementor-column-gap-default\">\n\t\t\t\t\t<div class=\"elementor-column elementor-col-100 elementor-top-column elementor-element elementor-element-fc0ab27\" data-id=\"fc0ab27\" data-element_type=\"column\" data-e-type=\"column\">\n\t\t\t<div class=\"elementor-widget-wrap elementor-element-populated\">\n\t\t\t\t\t\t<div class=\"elementor-element elementor-element-d113520 elementor-widget elementor-widget-spacer\" data-id=\"d113520\" data-element_type=\"widget\" data-e-type=\"widget\" data-widget_type=\"spacer.default\">\n\t\t\t\t<div class=\"elementor-widget-container\">\n\t\t\t\t\t\t\t<div class=\"elementor-spacer\">\n\t\t\t<div class=\"elementor-spacer-inner\"><\/div>\n\t\t<\/div>\n\t\t\t\t\t\t<\/div>\n\t\t\t\t<\/div>\n\t\t\t\t\t<\/div>\n\t\t<\/div>\n\t\t\t\t\t<\/div>\n\t\t<\/section>\n\t\t\t\t<\/div>\n\t\t","protected":false},"excerpt":{"rendered":"<p>Extinderea si modernizarea Aeroportului International Craiova Comunicat semnare contract fazare Pentru informa\u0163ii detaliate despre celelalte programe cofinantate de Uniunea Europeana, v\u0103 invit\u0103m s\u0103 vizita\u0163i www.fonduri-ue.ro Con\u0163inutul acestui material nu reprezint\u0103 \u00een mod obligatoriu pozi\u0163ia oficial\u0103 a Uniunii Europene sau a Guvernului Rom\u00e2niei.<\/p>","protected":false},"author":1,"featured_media":0,"parent":0,"menu_order":0,"comment_status":"closed","ping_status":"closed","template":"","meta":{"footnotes":""},"class_list":["post-3001","page","type-page","status-publish","hentry"],"_links":{"self":[{"href":"http:\/\/aeroportcraiova.ro\/bg\/wp-json\/wp\/v2\/pages\/3001","targetHints":{"allow":["GET"]}}],"collection":[{"href":"http:\/\/aeroportcraiova.ro\/bg\/wp-json\/wp\/v2\/pages"}],"about":[{"href":"http:\/\/aeroportcraiova.ro\/bg\/wp-json\/wp\/v2\/types\/page"}],"author":[{"embeddable":true,"href":"http:\/\/aeroportcraiova.ro\/bg\/wp-json\/wp\/v2\/users\/1"}],"replies":[{"embeddable":true,"href":"http:\/\/aeroportcraiova.ro\/bg\/wp-json\/wp\/v2\/comments?post=3001"}],"version-history":[{"count":10,"href":"http:\/\/aeroportcraiova.ro\/bg\/wp-json\/wp\/v2\/pages\/3001\/revisions"}],"predecessor-version":[{"id":4337,"href":"http:\/\/aeroportcraiova.ro\/bg\/wp-json\/wp\/v2\/pages\/3001\/revisions\/4337"}],"wp:attachment":[{"href":"http:\/\/aeroportcraiova.ro\/bg\/wp-json\/wp\/v2\/media?parent=3001"}],"curies":[{"name":"wp","href":"https:\/\/api.w.org\/{rel}","templated":true}]}}