{"id":5365,"date":"2023-05-02T13:36:51","date_gmt":"2023-05-02T13:36:51","guid":{"rendered":"https:\/\/aeroportcraiova.ro\/?page_id=5365"},"modified":"2023-05-02T13:37:29","modified_gmt":"2023-05-02T13:37:29","slug":"inchiriere-spatii-publicitare-aflate-in-proprietatea-ra-aeroportul-international","status":"publish","type":"page","link":"https:\/\/aeroportcraiova.ro\/bg\/licitatii-publice\/inchiriere-spatii-publicitare-aflate-in-proprietatea-ra-aeroportul-international\/","title":{"rendered":"Inchiriere spatii publicitare aflate in proprietatea RA Aeroportul International"},"content":{"rendered":"<div data-elementor-type=\"wp-page\" data-elementor-id=\"5365\" class=\"elementor elementor-5365\">\n\t\t\t\t\t\t<section class=\"elementor-section elementor-top-section elementor-element elementor-element-bfa035d elementor-section-height-min-height elementor-section-items-top elementor-section-boxed elementor-section-height-default row-top\" data-id=\"bfa035d\" data-element_type=\"section\" data-e-type=\"section\">\n\t\t\t\t\t\t<div class=\"elementor-container elementor-column-gap-default\">\n\t\t\t\t\t<div class=\"elementor-column elementor-col-100 elementor-top-column elementor-element elementor-element-38cc6cb\" data-id=\"38cc6cb\" data-element_type=\"column\" data-e-type=\"column\">\n\t\t\t<div class=\"elementor-widget-wrap elementor-element-populated\">\n\t\t\t\t\t\t<div class=\"elementor-element elementor-element-5d3548b elementor-icon-list--layout-traditional elementor-list-item-link-full_width elementor-widget elementor-widget-icon-list\" data-id=\"5d3548b\" data-element_type=\"widget\" data-e-type=\"widget\" data-widget_type=\"icon-list.default\">\n\t\t\t\t<div class=\"elementor-widget-container\">\n\t\t\t\t\t\t\t<ul class=\"elementor-icon-list-items\">\n\t\t\t\t\t\t\t<li class=\"elementor-icon-list-item\">\n\t\t\t\t\t\t\t\t\t\t\t<a href=\"https:\/\/drive.google.com\/open?id=1Di08HVj_WHWzdKqn16yYomhHsS-pS9ea&#038;authuser=conceptwebonline%40gmail.com&#038;usp=drive_fs\">\n\n\t\t\t\t\t\t\t\t\t\t\t\t<span class=\"elementor-icon-list-icon\">\n\t\t\t\t\t\t\t<i aria-hidden=\"true\" class=\"fas fa-circle\"><\/i>\t\t\t\t\t\t<\/span>\n\t\t\t\t\t\t\t\t\t\t<span class=\"elementor-icon-list-text\">Pentru a vizualiza Anuntul apas\u0103 click aici. <\/span>\n\t\t\t\t\t\t\t\t\t\t\t<\/a>\n\t\t\t\t\t\t\t\t\t<\/li>\n\t\t\t\t\t\t\t\t<li class=\"elementor-icon-list-item\">\n\t\t\t\t\t\t\t\t\t\t\t<a href=\"https:\/\/drive.google.com\/open?id=1Dhk64-Vhy6UAEWhR5okeVbXfaN5eFB9I&#038;authuser=conceptwebonline%40gmail.com&#038;usp=drive_fs\">\n\n\t\t\t\t\t\t\t\t\t\t\t\t<span class=\"elementor-icon-list-icon\">\n\t\t\t\t\t\t\t<i aria-hidden=\"true\" class=\"fas fa-circle\"><\/i>\t\t\t\t\t\t<\/span>\n\t\t\t\t\t\t\t\t\t\t<span class=\"elementor-icon-list-text\">Pentru a vizualiza Caietul de Sarcini apas\u0103 click aici. <\/span>\n\t\t\t\t\t\t\t\t\t\t\t<\/a>\n\t\t\t\t\t\t\t\t\t<\/li>\n\t\t\t\t\t\t\t\t<li class=\"elementor-icon-list-item\">\n\t\t\t\t\t\t\t\t\t\t\t<a href=\"https:\/\/www.aeroportcraiova.ro\/wp-content\/uploads\/2023\/04\/contract-draft-.pdf\">\n\n\t\t\t\t\t\t\t\t\t\t\t\t<span class=\"elementor-icon-list-icon\">\n\t\t\t\t\t\t\t<i aria-hidden=\"true\" class=\"fas fa-circle\"><\/i>\t\t\t\t\t\t<\/span>\n\t\t\t\t\t\t\t\t\t\t<span class=\"elementor-icon-list-text\">Pentru a vizualiza Draftul Contractului apas\u0103 click aici. <\/span>\n\t\t\t\t\t\t\t\t\t\t\t<\/a>\n\t\t\t\t\t\t\t\t\t<\/li>\n\t\t\t\t\t\t\t\t<li class=\"elementor-icon-list-item\">\n\t\t\t\t\t\t\t\t\t\t\t<a href=\"https:\/\/aeroportcraiova.ro\/wp-content\/uploads\/2023\/04\/MODEL-FORMULARE-inchiriere-spatii-pub.docx\">\n\n\t\t\t\t\t\t\t\t\t\t\t\t<span class=\"elementor-icon-list-icon\">\n\t\t\t\t\t\t\t<i aria-hidden=\"true\" class=\"fas fa-circle\"><\/i>\t\t\t\t\t\t<\/span>\n\t\t\t\t\t\t\t\t\t\t<span class=\"elementor-icon-list-text\">Pentru a vizualiza Modelul de Formulare apas\u0103 click aici. <\/span>\n\t\t\t\t\t\t\t\t\t\t\t<\/a>\n\t\t\t\t\t\t\t\t\t<\/li>\n\t\t\t\t\t\t\t\t<li class=\"elementor-icon-list-item\">\n\t\t\t\t\t\t\t\t\t\t\t<a href=\"https:\/\/aeroportcraiova.ro\/wp-content\/uploads\/2023\/04\/clarificari-ichiriere-spatii-pub.pdf\">\n\n\t\t\t\t\t\t\t\t\t\t\t\t<span class=\"elementor-icon-list-icon\">\n\t\t\t\t\t\t\t<i aria-hidden=\"true\" class=\"fas fa-circle\"><\/i>\t\t\t\t\t\t<\/span>\n\t\t\t\t\t\t\t\t\t\t<span class=\"elementor-icon-list-text\">Pentru Clarific\u0103ri apas\u0103 click aici. <\/span>\n\t\t\t\t\t\t\t\t\t\t\t<\/a>\n\t\t\t\t\t\t\t\t\t<\/li>\n\t\t\t\t\t\t<\/ul>\n\t\t\t\t\t\t<\/div>\n\t\t\t\t<\/div>\n\t\t\t\t\t<\/div>\n\t\t<\/div>\n\t\t\t\t\t<\/div>\n\t\t<\/section>\n\t\t\t\t<\/div>","protected":false},"excerpt":{"rendered":"<p>Pentru a vizualiza Anuntul apas\u0103 click aici. Pentru a vizualiza Caietul de Sarcini apas\u0103 click aici. Pentru a vizualiza Draftul Contractului apas\u0103 click aici. Pentru a vizualiza Modelul de Formulare apas\u0103 click aici. Pentru Clarific\u0103ri apas\u0103 click aici.<\/p>","protected":false},"author":2,"featured_media":0,"parent":3346,"menu_order":0,"comment_status":"closed","ping_status":"closed","template":"","meta":{"footnotes":""},"class_list":["post-5365","page","type-page","status-publish","hentry"],"_links":{"self":[{"href":"https:\/\/aeroportcraiova.ro\/bg\/wp-json\/wp\/v2\/pages\/5365","targetHints":{"allow":["GET"]}}],"collection":[{"href":"https:\/\/aeroportcraiova.ro\/bg\/wp-json\/wp\/v2\/pages"}],"about":[{"href":"https:\/\/aeroportcraiova.ro\/bg\/wp-json\/wp\/v2\/types\/page"}],"author":[{"embeddable":true,"href":"https:\/\/aeroportcraiova.ro\/bg\/wp-json\/wp\/v2\/users\/2"}],"replies":[{"embeddable":true,"href":"https:\/\/aeroportcraiova.ro\/bg\/wp-json\/wp\/v2\/comments?post=5365"}],"version-history":[{"count":3,"href":"https:\/\/aeroportcraiova.ro\/bg\/wp-json\/wp\/v2\/pages\/5365\/revisions"}],"predecessor-version":[{"id":5368,"href":"https:\/\/aeroportcraiova.ro\/bg\/wp-json\/wp\/v2\/pages\/5365\/revisions\/5368"}],"up":[{"embeddable":true,"href":"https:\/\/aeroportcraiova.ro\/bg\/wp-json\/wp\/v2\/pages\/3346"}],"wp:attachment":[{"href":"https:\/\/aeroportcraiova.ro\/bg\/wp-json\/wp\/v2\/media?parent=5365"}],"curies":[{"name":"wp","href":"https:\/\/api.w.org\/{rel}","templated":true}]}}