{"id":8218,"date":"2026-04-30T08:07:10","date_gmt":"2026-04-30T08:07:10","guid":{"rendered":"https:\/\/aeroportcraiova.ro\/?page_id=8218"},"modified":"2026-04-30T08:17:35","modified_gmt":"2026-04-30T08:17:35","slug":"ubt","status":"publish","type":"page","link":"https:\/\/aeroportcraiova.ro\/bg\/transfer-aeroport\/ubt\/","title":{"rendered":"Union Business &#038; Travel"},"content":{"rendered":"<div data-elementor-type=\"wp-page\" data-elementor-id=\"8218\" class=\"elementor elementor-8218\">\n\t\t\t\t\t\t<\/div>","protected":false},"excerpt":{"rendered":"<p>Contacteaza-ne pe Whatsapp Transport direct aeroport Craiova \u2013 transferuri zilnice tur-retur Union Business &amp; Travel ofer\u0103 servicii de transport direct c\u0103tre aeroport, cu plec\u0103ri zilnice din Craiova \u0219i din ora\u0219ele din Oltenia. Asigur\u0103m transferuri rapide, sigure \u0219i confortabile c\u0103tre Aeroportul Interna\u021bional Craiova, precum \u0219i curse tur-retur adaptate programului zborurilor.Cu o flot\u0103 modern\u0103 de autoturisme, microbuze [&hellip;]<\/p>\n","protected":false},"author":2,"featured_media":0,"parent":7012,"menu_order":0,"comment_status":"closed","ping_status":"closed","template":"elementor_header_footer","meta":{"footnotes":""},"class_list":["post-8218","page","type-page","status-publish","hentry"],"_links":{"self":[{"href":"https:\/\/aeroportcraiova.ro\/bg\/wp-json\/wp\/v2\/pages\/8218","targetHints":{"allow":["GET"]}}],"collection":[{"href":"https:\/\/aeroportcraiova.ro\/bg\/wp-json\/wp\/v2\/pages"}],"about":[{"href":"https:\/\/aeroportcraiova.ro\/bg\/wp-json\/wp\/v2\/types\/page"}],"author":[{"embeddable":true,"href":"https:\/\/aeroportcraiova.ro\/bg\/wp-json\/wp\/v2\/users\/2"}],"replies":[{"embeddable":true,"href":"https:\/\/aeroportcraiova.ro\/bg\/wp-json\/wp\/v2\/comments?post=8218"}],"version-history":[{"count":8,"href":"https:\/\/aeroportcraiova.ro\/bg\/wp-json\/wp\/v2\/pages\/8218\/revisions"}],"predecessor-version":[{"id":8231,"href":"https:\/\/aeroportcraiova.ro\/bg\/wp-json\/wp\/v2\/pages\/8218\/revisions\/8231"}],"up":[{"embeddable":true,"href":"https:\/\/aeroportcraiova.ro\/bg\/wp-json\/wp\/v2\/pages\/7012"}],"wp:attachment":[{"href":"https:\/\/aeroportcraiova.ro\/bg\/wp-json\/wp\/v2\/media?parent=8218"}],"curies":[{"name":"wp","href":"https:\/\/api.w.org\/{rel}","templated":true}]}}