{"id":27,"date":"2020-12-08T03:54:25","date_gmt":"2020-12-08T03:54:25","guid":{"rendered":"https:\/\/gaviaspreview.com\/wp\/tevily\/?page_id=27"},"modified":"2024-03-21T14:02:12","modified_gmt":"2024-03-21T14:02:12","slug":"facilitati","status":"publish","type":"page","link":"https:\/\/aeroportcraiova.ro\/en\/facilitati\/","title":{"rendered":"Facilities"},"content":{"rendered":"<div data-elementor-type=\"wp-page\" data-elementor-id=\"27\" class=\"elementor elementor-27\">\n\t\t\t\t\t\t<section class=\"elementor-section elementor-top-section elementor-element elementor-element-0a10a20 elementor-section-full_width elementor-section-height-default elementor-section-height-default row-top elementor-invisible\" data-id=\"0a10a20\" data-element_type=\"section\" data-e-type=\"section\" data-settings=\"{&quot;animation&quot;:&quot;jello&quot;}\">\n\t\t\t\t\t\t<div class=\"elementor-container elementor-column-gap-default\">\n\t\t\t\t\t<div class=\"elementor-column elementor-col-100 elementor-top-column elementor-element elementor-element-89d3eb1\" data-id=\"89d3eb1\" data-element_type=\"column\" data-e-type=\"column\">\n\t\t\t<div class=\"elementor-widget-wrap elementor-element-populated\">\n\t\t\t\t\t\t<div class=\"elementor-element elementor-element-3184e56 elementor-widget elementor-widget-gva_post_breadcrumb\" data-id=\"3184e56\" data-element_type=\"widget\" data-e-type=\"widget\" data-widget_type=\"gva_post_breadcrumb.default\">\n\t\t\t\t<div class=\"elementor-widget-container\">\n\t\t\t\t\t<div class=\"gva-element-gva_post_breadcrumb gva-element\">   \r\n<div class=\"post-breadcrumb\">\r\n   <div class=\"custom-breadcrumb\" >\r\n            <div class=\"breadcrumb-main\">\r\n        <div class=\"container\">\r\n          <div class=\"breadcrumb-container-inner\">\r\n                      <\/div>  \r\n        <\/div>   \r\n      <\/div>  \r\n   <\/div>\r\n<\/div>      \r\n\r\n<\/div>\t\t\t\t<\/div>\n\t\t\t\t<\/div>\n\t\t\t\t\t<\/div>\n\t\t<\/div>\n\t\t\t\t\t<\/div>\n\t\t<\/section>\n\t\t\t\t<section class=\"elementor-section elementor-top-section elementor-element elementor-element-74791e8 elementor-hidden-desktop elementor-hidden-tablet elementor-hidden-mobile elementor-section-boxed elementor-section-height-default elementor-section-height-default row-top elementor-invisible\" data-id=\"74791e8\" data-element_type=\"section\" data-e-type=\"section\" data-settings=\"{&quot;animation&quot;:&quot;fadeInLeft&quot;}\">\n\t\t\t\t\t\t<div class=\"elementor-container elementor-column-gap-default\">\n\t\t\t\t\t<div class=\"elementor-column elementor-col-50 elementor-top-column elementor-element elementor-element-75bdd02\" data-id=\"75bdd02\" data-element_type=\"column\" data-e-type=\"column\">\n\t\t\t<div class=\"elementor-widget-wrap elementor-element-populated\">\n\t\t\t\t\t\t<div class=\"elementor-element elementor-element-ffc3145 elementor-widget elementor-widget-spacer\" data-id=\"ffc3145\" data-element_type=\"widget\" data-e-type=\"widget\" data-widget_type=\"spacer.default\">\n\t\t\t\t<div class=\"elementor-widget-container\">\n\t\t\t\t\t\t\t<div class=\"elementor-spacer\">\n\t\t\t<div class=\"elementor-spacer-inner\"><\/div>\n\t\t<\/div>\n\t\t\t\t\t\t<\/div>\n\t\t\t\t<\/div>\n\t\t\t\t<div class=\"elementor-element elementor-element-c3d150c elementor-widget elementor-widget-gva-heading-block\" data-id=\"c3d150c\" data-element_type=\"widget\" data-e-type=\"widget\" data-widget_type=\"gva-heading-block.default\">\n\t\t\t\t<div class=\"elementor-widget-container\">\n\t\t\t\t\t<div class=\"gva-element-gva-heading-block gva-element\">   <div class=\"align-center style-1 widget gsc-heading box-align-left auto-responsive\">\r\n      <div class=\"content-inner\">\r\n         \r\n                  \r\n           \r\n         \r\n                     <h2 class=\"title\">\r\n               <span>Banking services<\/span>\r\n            <\/h2>\r\n                  \r\n         \r\n      <\/div>\r\n   <\/div>\r\n<\/div>\t\t\t\t<\/div>\n\t\t\t\t<\/div>\n\t\t\t\t\t<\/div>\n\t\t<\/div>\n\t\t\t\t<div class=\"elementor-column elementor-col-50 elementor-top-column elementor-element elementor-element-de37c73\" data-id=\"de37c73\" data-element_type=\"column\" data-e-type=\"column\">\n\t\t\t<div class=\"elementor-widget-wrap elementor-element-populated\">\n\t\t\t\t\t\t<div class=\"elementor-element elementor-element-83f723b elementor-widget elementor-widget-spacer\" data-id=\"83f723b\" data-element_type=\"widget\" data-e-type=\"widget\" data-widget_type=\"spacer.default\">\n\t\t\t\t<div class=\"elementor-widget-container\">\n\t\t\t\t\t\t\t<div class=\"elementor-spacer\">\n\t\t\t<div class=\"elementor-spacer-inner\"><\/div>\n\t\t<\/div>\n\t\t\t\t\t\t<\/div>\n\t\t\t\t<\/div>\n\t\t\t\t<div class=\"elementor-element elementor-element-9dd0aad elementor-widget elementor-widget-gva-brand\" data-id=\"9dd0aad\" data-element_type=\"widget\" data-e-type=\"widget\" data-widget_type=\"gva-brand.default\">\n\t\t\t\t<div class=\"elementor-widget-container\">\n\t\t\t\t\t<div class=\"gva-element-gva-brand gva-element\">\r\n<div class=\"gva-brand-carousel style-1\">\r\n   <div class=\"swiper-content-inner\">\r\n      <div class=\"init-carousel-swiper swiper\" data-carousel=\"{&quot;items&quot;:2,&quot;items_lg&quot;:2,&quot;items_md&quot;:3,&quot;items_sm&quot;:2,&quot;items_xs&quot;:1,&quot;items_xx&quot;:1,&quot;effect&quot;:&quot;slide&quot;,&quot;space_between&quot;:30,&quot;loop&quot;:1,&quot;speed&quot;:600,&quot;autoplay&quot;:1,&quot;autoplay_delay&quot;:4500,&quot;autoplay_hover&quot;:1,&quot;navigation&quot;:1,&quot;pagination&quot;:0,&quot;dynamic_bullets&quot;:0,&quot;pagination_type&quot;:&quot;bullets&quot;}\">\r\n         <div class=\"swiper-wrapper\">\r\n                           <div class=\"swiper-slide item brand-item\">\r\n                  <div class=\"brand-item-content\">\r\n                     <img decoding=\"async\" src=\"https:\/\/arp.cwtest.ro\/wp-content\/uploads\/2022\/05\/brd-1.png\" alt=\"\" class=\"brand-img\"\/>                                       <\/div>\r\n               <\/div>\r\n                           <div class=\"swiper-slide item brand-item\">\r\n                  <div class=\"brand-item-content\">\r\n                     <img decoding=\"async\" src=\"https:\/\/arp.cwtest.ro\/wp-content\/uploads\/2022\/05\/euronet.png\" alt=\"\" class=\"brand-img\"\/>                                       <\/div>\r\n               <\/div>\r\n                           <div class=\"swiper-slide item brand-item\">\r\n                  <div class=\"brand-item-content\">\r\n                     <img decoding=\"async\" src=\"https:\/\/arp.cwtest.ro\/wp-content\/uploads\/2022\/05\/bcr.png\" alt=\"\" class=\"brand-img\"\/>                                       <\/div>\r\n               <\/div>\r\n                     <\/div>\r\n      <\/div>   \r\n   <\/div>\r\n   <div class=\"swiper-pagination\"><\/div>   <div class=\"swiper-nav-next\"><\/div><div class=\"swiper-nav-prev\"><\/div><\/div>\r\n<\/div>\t\t\t\t<\/div>\n\t\t\t\t<\/div>\n\t\t\t\t\t<\/div>\n\t\t<\/div>\n\t\t\t\t\t<\/div>\n\t\t<\/section>\n\t\t\t\t<section class=\"elementor-section elementor-top-section elementor-element elementor-element-d6f9f6a elementor-hidden-desktop elementor-hidden-tablet elementor-hidden-mobile elementor-section-boxed elementor-section-height-default elementor-section-height-default row-top elementor-invisible\" data-id=\"d6f9f6a\" data-element_type=\"section\" data-e-type=\"section\" data-settings=\"{&quot;animation&quot;:&quot;fadeInRight&quot;}\">\n\t\t\t\t\t\t<div class=\"elementor-container elementor-column-gap-default\">\n\t\t\t\t\t<div class=\"elementor-column elementor-col-50 elementor-top-column elementor-element elementor-element-cb9ded1\" data-id=\"cb9ded1\" data-element_type=\"column\" data-e-type=\"column\">\n\t\t\t<div class=\"elementor-widget-wrap elementor-element-populated\">\n\t\t\t\t\t\t<div class=\"elementor-element elementor-element-84451b3 elementor-widget elementor-widget-gva-heading-block\" data-id=\"84451b3\" data-element_type=\"widget\" data-e-type=\"widget\" data-widget_type=\"gva-heading-block.default\">\n\t\t\t\t<div class=\"elementor-widget-container\">\n\t\t\t\t\t<div class=\"gva-element-gva-heading-block gva-element\">   <div class=\"align-center style-1 widget gsc-heading box-align-left auto-responsive\">\r\n      <div class=\"content-inner\">\r\n         \r\n                  \r\n           \r\n         \r\n                     <h2 class=\"title\">\r\n               <span>Exchange<\/span>\r\n            <\/h2>\r\n                  \r\n         \r\n      <\/div>\r\n   <\/div>\r\n<\/div>\t\t\t\t<\/div>\n\t\t\t\t<\/div>\n\t\t\t\t\t<\/div>\n\t\t<\/div>\n\t\t\t\t<div class=\"elementor-column elementor-col-50 elementor-top-column elementor-element elementor-element-07144da\" data-id=\"07144da\" data-element_type=\"column\" data-e-type=\"column\">\n\t\t\t<div class=\"elementor-widget-wrap elementor-element-populated\">\n\t\t\t\t\t\t<div class=\"elementor-element elementor-element-dbfc203 elementor-widget elementor-widget-gva-brand\" data-id=\"dbfc203\" data-element_type=\"widget\" data-e-type=\"widget\" data-widget_type=\"gva-brand.default\">\n\t\t\t\t<div class=\"elementor-widget-container\">\n\t\t\t\t\t<div class=\"gva-element-gva-brand gva-element\">\r\n<div class=\"gva-brand-carousel style-1\">\r\n   <div class=\"swiper-content-inner\">\r\n      <div class=\"init-carousel-swiper swiper\" data-carousel=\"{&quot;items&quot;:2,&quot;items_lg&quot;:2,&quot;items_md&quot;:3,&quot;items_sm&quot;:2,&quot;items_xs&quot;:1,&quot;items_xx&quot;:1,&quot;effect&quot;:&quot;slide&quot;,&quot;space_between&quot;:30,&quot;loop&quot;:1,&quot;speed&quot;:600,&quot;autoplay&quot;:1,&quot;autoplay_delay&quot;:4500,&quot;autoplay_hover&quot;:1,&quot;navigation&quot;:1,&quot;pagination&quot;:0,&quot;dynamic_bullets&quot;:0,&quot;pagination_type&quot;:&quot;bullets&quot;}\">\r\n         <div class=\"swiper-wrapper\">\r\n                           <div class=\"swiper-slide item brand-item\">\r\n                  <div class=\"brand-item-content\">\r\n                     <img decoding=\"async\" src=\"https:\/\/arp.cwtest.ro\/wp-content\/uploads\/2022\/05\/sixt-logo.png\" alt=\"\" class=\"brand-img\"\/>                                       <\/div>\r\n               <\/div>\r\n                           <div class=\"swiper-slide item brand-item\">\r\n                  <div class=\"brand-item-content\">\r\n                     <img decoding=\"async\" src=\"https:\/\/arp.cwtest.ro\/wp-content\/uploads\/2022\/05\/bcr.png\" alt=\"\" class=\"brand-img\"\/>                                       <\/div>\r\n               <\/div>\r\n                     <\/div>\r\n      <\/div>   \r\n   <\/div>\r\n   <div class=\"swiper-pagination\"><\/div>   <div class=\"swiper-nav-next\"><\/div><div class=\"swiper-nav-prev\"><\/div><\/div>\r\n<\/div>\t\t\t\t<\/div>\n\t\t\t\t<\/div>\n\t\t\t\t\t<\/div>\n\t\t<\/div>\n\t\t\t\t\t<\/div>\n\t\t<\/section>\n\t\t\t\t<section class=\"elementor-section elementor-top-section elementor-element elementor-element-8c4fa99 elementor-hidden-desktop elementor-hidden-tablet elementor-hidden-mobile elementor-section-boxed elementor-section-height-default elementor-section-height-default row-top elementor-invisible\" data-id=\"8c4fa99\" data-element_type=\"section\" data-e-type=\"section\" data-settings=\"{&quot;animation&quot;:&quot;slideInUp&quot;}\">\n\t\t\t\t\t\t<div class=\"elementor-container elementor-column-gap-default\">\n\t\t\t\t\t<div class=\"elementor-column elementor-col-50 elementor-top-column elementor-element elementor-element-69a1a4e\" data-id=\"69a1a4e\" data-element_type=\"column\" data-e-type=\"column\">\n\t\t\t<div class=\"elementor-widget-wrap elementor-element-populated\">\n\t\t\t\t\t\t<div class=\"elementor-element elementor-element-2b0131a elementor-widget elementor-widget-gva-heading-block\" data-id=\"2b0131a\" data-element_type=\"widget\" data-e-type=\"widget\" data-widget_type=\"gva-heading-block.default\">\n\t\t\t\t<div class=\"elementor-widget-container\">\n\t\t\t\t\t<div class=\"gva-element-gva-heading-block gva-element\">   <div class=\"align-center style-1 widget gsc-heading box-align-left auto-responsive\">\r\n      <div class=\"content-inner\">\r\n         \r\n                  \r\n           \r\n         \r\n                     <h2 class=\"title\">\r\n               <span>Rent a car<\/span>\r\n            <\/h2>\r\n                  \r\n         \r\n      <\/div>\r\n   <\/div>\r\n<\/div>\t\t\t\t<\/div>\n\t\t\t\t<\/div>\n\t\t\t\t\t<\/div>\n\t\t<\/div>\n\t\t\t\t<div class=\"elementor-column elementor-col-50 elementor-top-column elementor-element elementor-element-31a8d3b\" data-id=\"31a8d3b\" data-element_type=\"column\" data-e-type=\"column\">\n\t\t\t<div class=\"elementor-widget-wrap elementor-element-populated\">\n\t\t\t\t\t\t<div class=\"elementor-element elementor-element-d18bbb3 elementor-widget elementor-widget-gva-brand\" data-id=\"d18bbb3\" data-element_type=\"widget\" data-e-type=\"widget\" data-widget_type=\"gva-brand.default\">\n\t\t\t\t<div class=\"elementor-widget-container\">\n\t\t\t\t\t<div class=\"gva-element-gva-brand gva-element\">\r\n<div class=\"gva-brand-carousel style-1\">\r\n   <div class=\"swiper-content-inner\">\r\n      <div class=\"init-carousel-swiper swiper\" data-carousel=\"{&quot;items&quot;:2,&quot;items_lg&quot;:2,&quot;items_md&quot;:3,&quot;items_sm&quot;:2,&quot;items_xs&quot;:1,&quot;items_xx&quot;:1,&quot;effect&quot;:&quot;slide&quot;,&quot;space_between&quot;:30,&quot;loop&quot;:1,&quot;speed&quot;:600,&quot;autoplay&quot;:1,&quot;autoplay_delay&quot;:4500,&quot;autoplay_hover&quot;:1,&quot;navigation&quot;:1,&quot;pagination&quot;:0,&quot;dynamic_bullets&quot;:0,&quot;pagination_type&quot;:&quot;bullets&quot;}\">\r\n         <div class=\"swiper-wrapper\">\r\n                           <div class=\"swiper-slide item brand-item\">\r\n                  <div class=\"brand-item-content\">\r\n                     <img decoding=\"async\" src=\"https:\/\/arp.cwtest.ro\/wp-content\/uploads\/2022\/05\/2560px-AVIS_logo_2012.svg.png\" alt=\"\" class=\"brand-img\"\/>                                       <\/div>\r\n               <\/div>\r\n                           <div class=\"swiper-slide item brand-item\">\r\n                  <div class=\"brand-item-content\">\r\n                     <img decoding=\"async\" src=\"https:\/\/arp.cwtest.ro\/wp-content\/uploads\/2022\/05\/autonom.png\" alt=\"\" class=\"brand-img\"\/>                                       <\/div>\r\n               <\/div>\r\n                           <div class=\"swiper-slide item brand-item\">\r\n                  <div class=\"brand-item-content\">\r\n                     <img decoding=\"async\" src=\"https:\/\/arp.cwtest.ro\/wp-content\/uploads\/2022\/05\/4c.png\" alt=\"\" class=\"brand-img\"\/>                                       <\/div>\r\n               <\/div>\r\n                     <\/div>\r\n      <\/div>   \r\n   <\/div>\r\n   <div class=\"swiper-pagination\"><\/div>   <div class=\"swiper-nav-next\"><\/div><div class=\"swiper-nav-prev\"><\/div><\/div>\r\n<\/div>\t\t\t\t<\/div>\n\t\t\t\t<\/div>\n\t\t\t\t\t<\/div>\n\t\t<\/div>\n\t\t\t\t\t<\/div>\n\t\t<\/section>\n\t\t\t\t<section class=\"elementor-section elementor-top-section elementor-element elementor-element-c793f84 elementor-section-boxed elementor-section-height-default elementor-section-height-default row-top elementor-invisible\" data-id=\"c793f84\" data-element_type=\"section\" data-e-type=\"section\" data-settings=\"{&quot;animation&quot;:&quot;lightSpeedIn&quot;}\">\n\t\t\t\t\t\t<div class=\"elementor-container elementor-column-gap-default\">\n\t\t\t\t\t<div class=\"elementor-column elementor-col-100 elementor-top-column elementor-element elementor-element-35ec98d\" data-id=\"35ec98d\" data-element_type=\"column\" data-e-type=\"column\">\n\t\t\t<div class=\"elementor-widget-wrap elementor-element-populated\">\n\t\t\t\t\t\t<div class=\"elementor-element elementor-element-35cb3b4 elementor-tabs-view-horizontal elementor-widget elementor-widget-tabs\" data-id=\"35cb3b4\" data-element_type=\"widget\" data-e-type=\"widget\" data-widget_type=\"tabs.default\">\n\t\t\t\t<div class=\"elementor-widget-container\">\n\t\t\t\t\t\t\t<div class=\"elementor-tabs\">\n\t\t\t<div class=\"elementor-tabs-wrapper\" role=\"tablist\" >\n\t\t\t\t\t\t\t\t\t<div id=\"elementor-tab-title-5641\" class=\"elementor-tab-title elementor-tab-desktop-title\" aria-selected=\"true\" data-tab=\"1\" role=\"tab\" tabindex=\"0\" aria-controls=\"elementor-tab-content-5641\" aria-expanded=\"false\">Bar and smoking area<\/div>\n\t\t\t\t\t\t\t\t\t<div id=\"elementor-tab-title-5642\" class=\"elementor-tab-title elementor-tab-desktop-title\" aria-selected=\"false\" data-tab=\"2\" role=\"tab\" tabindex=\"-1\" aria-controls=\"elementor-tab-content-5642\" aria-expanded=\"false\">Duty-free shop<\/div>\n\t\t\t\t\t\t\t\t\t<div id=\"elementor-tab-title-5643\" class=\"elementor-tab-title elementor-tab-desktop-title\" aria-selected=\"false\" data-tab=\"3\" role=\"tab\" tabindex=\"-1\" aria-controls=\"elementor-tab-content-5643\" aria-expanded=\"false\">VIP lounge for business meetings<\/div>\n\t\t\t\t\t\t\t\t\t<div id=\"elementor-tab-title-5644\" class=\"elementor-tab-title elementor-tab-desktop-title\" aria-selected=\"false\" data-tab=\"4\" role=\"tab\" tabindex=\"-1\" aria-controls=\"elementor-tab-content-5644\" aria-expanded=\"false\">Protocol room<\/div>\n\t\t\t\t\t\t\t\t\t<div id=\"elementor-tab-title-5645\" class=\"elementor-tab-title elementor-tab-desktop-title\" aria-selected=\"false\" data-tab=\"5\" role=\"tab\" tabindex=\"-1\" aria-controls=\"elementor-tab-content-5645\" aria-expanded=\"false\">Free internet access<\/div>\n\t\t\t\t\t\t\t\t\t<div id=\"elementor-tab-title-5646\" class=\"elementor-tab-title elementor-tab-desktop-title\" aria-selected=\"false\" data-tab=\"6\" role=\"tab\" tabindex=\"-1\" aria-controls=\"elementor-tab-content-5646\" aria-expanded=\"false\">Passenger facilities<\/div>\n\t\t\t\t\t\t\t<\/div>\n\t\t\t<div class=\"elementor-tabs-content-wrapper\" role=\"tablist\" aria-orientation=\"vertical\">\n\t\t\t\t\t\t\t\t\t<div class=\"elementor-tab-title elementor-tab-mobile-title\" aria-selected=\"true\" data-tab=\"1\" role=\"tab\" tabindex=\"0\" aria-controls=\"elementor-tab-content-5641\" aria-expanded=\"false\">Bar and smoking area<\/div>\n\t\t\t\t\t<div id=\"elementor-tab-content-5641\" class=\"elementor-tab-content elementor-clearfix\" data-tab=\"1\" role=\"tabpanel\" aria-labelledby=\"elementor-tab-title-5641\" tabindex=\"0\" hidden=\"false\"><img fetchpriority=\"high\" decoding=\"async\" class=\"alignnone wp-image-2610\" src=\"https:\/\/www.aeroportcraiova.ro\/wp-content\/uploads\/2022\/05\/bar-600x499.jpg\" alt=\"\" width=\"421\" height=\"350\" \/>\u00a0\u00a0\u00a0\u00a0 <img decoding=\"async\" class=\"wp-image-2611\" src=\"https:\/\/aeroportcraiova.ro\/wp-content\/uploads\/2022\/05\/zona-de-fumat-600x600.jpg\" alt=\"\" width=\"355\" height=\"355\" srcset=\"https:\/\/aeroportcraiova.ro\/wp-content\/uploads\/2022\/05\/zona-de-fumat-600x600.jpg 600w, https:\/\/aeroportcraiova.ro\/wp-content\/uploads\/2022\/05\/zona-de-fumat-180x180.jpg 180w\" sizes=\"(max-width: 355px) 100vw, 355px\" \/><\/div>\n\t\t\t\t\t\t\t\t\t<div class=\"elementor-tab-title elementor-tab-mobile-title\" aria-selected=\"false\" data-tab=\"2\" role=\"tab\" tabindex=\"-1\" aria-controls=\"elementor-tab-content-5642\" aria-expanded=\"false\">Duty-free shop<\/div>\n\t\t\t\t\t<div id=\"elementor-tab-content-5642\" class=\"elementor-tab-content elementor-clearfix\" data-tab=\"2\" role=\"tabpanel\" aria-labelledby=\"elementor-tab-title-5642\" tabindex=\"0\" hidden=\"hidden\"><img decoding=\"async\" class=\"alignnone wp-image-2607\" src=\"https:\/\/aeroportcraiova.ro\/wp-content\/uploads\/2022\/05\/magazin-duty-free-600x600.jpg\" alt=\"\" width=\"283\" height=\"283\" srcset=\"https:\/\/aeroportcraiova.ro\/wp-content\/uploads\/2022\/05\/magazin-duty-free-600x600.jpg 600w, https:\/\/aeroportcraiova.ro\/wp-content\/uploads\/2022\/05\/magazin-duty-free-180x180.jpg 180w\" sizes=\"(max-width: 283px) 100vw, 283px\" \/><img loading=\"lazy\" decoding=\"async\" class=\"wp-image-2608 alignleft\" src=\"https:\/\/aeroportcraiova.ro\/wp-content\/uploads\/2022\/05\/DSC01074-600x600.jpg\" alt=\"\" width=\"274\" height=\"274\" srcset=\"https:\/\/aeroportcraiova.ro\/wp-content\/uploads\/2022\/05\/DSC01074-600x600.jpg 600w, https:\/\/aeroportcraiova.ro\/wp-content\/uploads\/2022\/05\/DSC01074-180x180.jpg 180w\" sizes=\"(max-width: 274px) 100vw, 274px\" \/><\/div>\n\t\t\t\t\t\t\t\t\t<div class=\"elementor-tab-title elementor-tab-mobile-title\" aria-selected=\"false\" data-tab=\"3\" role=\"tab\" tabindex=\"-1\" aria-controls=\"elementor-tab-content-5643\" aria-expanded=\"false\">VIP lounge for business meetings<\/div>\n\t\t\t\t\t<div id=\"elementor-tab-content-5643\" class=\"elementor-tab-content elementor-clearfix\" data-tab=\"3\" role=\"tabpanel\" aria-labelledby=\"elementor-tab-title-5643\" tabindex=\"0\" hidden=\"hidden\"><\/div>\n\t\t\t\t\t\t\t\t\t<div class=\"elementor-tab-title elementor-tab-mobile-title\" aria-selected=\"false\" data-tab=\"4\" role=\"tab\" tabindex=\"-1\" aria-controls=\"elementor-tab-content-5644\" aria-expanded=\"false\">Protocol room<\/div>\n\t\t\t\t\t<div id=\"elementor-tab-content-5644\" class=\"elementor-tab-content elementor-clearfix\" data-tab=\"4\" role=\"tabpanel\" aria-labelledby=\"elementor-tab-title-5644\" tabindex=\"0\" hidden=\"hidden\"><\/div>\n\t\t\t\t\t\t\t\t\t<div class=\"elementor-tab-title elementor-tab-mobile-title\" aria-selected=\"false\" data-tab=\"5\" role=\"tab\" tabindex=\"-1\" aria-controls=\"elementor-tab-content-5645\" aria-expanded=\"false\">Free internet access<\/div>\n\t\t\t\t\t<div id=\"elementor-tab-content-5645\" class=\"elementor-tab-content elementor-clearfix\" data-tab=\"5\" role=\"tabpanel\" aria-labelledby=\"elementor-tab-title-5645\" tabindex=\"0\" hidden=\"hidden\"><img loading=\"lazy\" decoding=\"async\" class=\"alignnone wp-image-2612 aligncenter\" src=\"https:\/\/aeroportcraiova.ro\/wp-content\/uploads\/2022\/05\/free-wifi-zone-2021-08-29-21-56-41-utc-600x600.jpg\" alt=\"\" width=\"338\" height=\"338\" srcset=\"https:\/\/aeroportcraiova.ro\/wp-content\/uploads\/2022\/05\/free-wifi-zone-2021-08-29-21-56-41-utc-600x600.jpg 600w, https:\/\/aeroportcraiova.ro\/wp-content\/uploads\/2022\/05\/free-wifi-zone-2021-08-29-21-56-41-utc-180x180.jpg 180w\" sizes=\"(max-width: 338px) 100vw, 338px\" \/><\/div>\n\t\t\t\t\t\t\t\t\t<div class=\"elementor-tab-title elementor-tab-mobile-title\" aria-selected=\"false\" data-tab=\"6\" role=\"tab\" tabindex=\"-1\" aria-controls=\"elementor-tab-content-5646\" aria-expanded=\"false\">Passenger facilities<\/div>\n\t\t\t\t\t<div id=\"elementor-tab-content-5646\" class=\"elementor-tab-content elementor-clearfix\" data-tab=\"6\" role=\"tabpanel\" aria-labelledby=\"elementor-tab-title-5646\" tabindex=\"0\" hidden=\"hidden\"><img loading=\"lazy\" decoding=\"async\" class=\"alignnone wp-image-2613\" src=\"https:\/\/aeroportcraiova.ro\/wp-content\/uploads\/2022\/05\/aparat-de-infoliat-600x600.jpg\" alt=\"\" width=\"344\" height=\"344\" srcset=\"https:\/\/aeroportcraiova.ro\/wp-content\/uploads\/2022\/05\/aparat-de-infoliat-600x600.jpg 600w, https:\/\/aeroportcraiova.ro\/wp-content\/uploads\/2022\/05\/aparat-de-infoliat-180x180.jpg 180w\" sizes=\"(max-width: 344px) 100vw, 344px\" \/> <img loading=\"lazy\" decoding=\"async\" class=\"alignnone wp-image-2614\" src=\"https:\/\/aeroportcraiova.ro\/wp-content\/uploads\/2022\/05\/carucior-bagaj-600x600.jpg\" alt=\"\" width=\"344\" height=\"344\" srcset=\"https:\/\/aeroportcraiova.ro\/wp-content\/uploads\/2022\/05\/carucior-bagaj-600x600.jpg 600w, https:\/\/aeroportcraiova.ro\/wp-content\/uploads\/2022\/05\/carucior-bagaj-180x180.jpg 180w\" sizes=\"(max-width: 344px) 100vw, 344px\" \/> <img loading=\"lazy\" decoding=\"async\" class=\"alignnone wp-image-2615\" src=\"https:\/\/aeroportcraiova.ro\/wp-content\/uploads\/2022\/05\/parcare1-600x600.jpg\" alt=\"\" width=\"346\" height=\"346\" srcset=\"https:\/\/aeroportcraiova.ro\/wp-content\/uploads\/2022\/05\/parcare1-600x600.jpg 600w, https:\/\/aeroportcraiova.ro\/wp-content\/uploads\/2022\/05\/parcare1-180x180.jpg 180w\" sizes=\"(max-width: 346px) 100vw, 346px\" \/> <img loading=\"lazy\" decoding=\"async\" class=\"alignnone wp-image-2616\" src=\"https:\/\/aeroportcraiova.ro\/wp-content\/uploads\/2022\/05\/spatiu-ingrijire-copii-600x600.jpg\" alt=\"\" width=\"346\" height=\"346\" srcset=\"https:\/\/aeroportcraiova.ro\/wp-content\/uploads\/2022\/05\/spatiu-ingrijire-copii-600x600.jpg 600w, https:\/\/aeroportcraiova.ro\/wp-content\/uploads\/2022\/05\/spatiu-ingrijire-copii-180x180.jpg 180w\" sizes=\"(max-width: 346px) 100vw, 346px\" \/>\n\n<\/div>\n\t\t\t\t\t\t\t<\/div>\n\t\t<\/div>\n\t\t\t\t\t\t<\/div>\n\t\t\t\t<\/div>\n\t\t\t\t\t<\/div>\n\t\t<\/div>\n\t\t\t\t\t<\/div>\n\t\t<\/section>\n\t\t\t\t<\/div>","protected":false},"excerpt":{"rendered":"<p>Servicii Bancare Schimb valutar \u00cenchirieaz\u0103 o ma\u0219in\u0103 Bar \u0219i zon\u0103 de fumat Magazin duty-free Salon VIP pentru \u00eent\u00e2lniri de afaceri Salon de protocol Acces gratuit internet Facilit\u0103\u021bi pasageri Bar \u0219i zon\u0103 de fumat \u00a0\u00a0\u00a0\u00a0 Magazin duty-free Salon VIP pentru \u00eent\u00e2lniri de afaceri Salon de protocol Acces gratuit internet Facilit\u0103\u021bi pasageri<\/p>","protected":false},"author":1,"featured_media":0,"parent":0,"menu_order":0,"comment_status":"closed","ping_status":"closed","template":"","meta":{"footnotes":""},"class_list":["post-27","page","type-page","status-publish","hentry"],"_links":{"self":[{"href":"https:\/\/aeroportcraiova.ro\/en\/wp-json\/wp\/v2\/pages\/27","targetHints":{"allow":["GET"]}}],"collection":[{"href":"https:\/\/aeroportcraiova.ro\/en\/wp-json\/wp\/v2\/pages"}],"about":[{"href":"https:\/\/aeroportcraiova.ro\/en\/wp-json\/wp\/v2\/types\/page"}],"author":[{"embeddable":true,"href":"https:\/\/aeroportcraiova.ro\/en\/wp-json\/wp\/v2\/users\/1"}],"replies":[{"embeddable":true,"href":"https:\/\/aeroportcraiova.ro\/en\/wp-json\/wp\/v2\/comments?post=27"}],"version-history":[{"count":50,"href":"https:\/\/aeroportcraiova.ro\/en\/wp-json\/wp\/v2\/pages\/27\/revisions"}],"predecessor-version":[{"id":6384,"href":"https:\/\/aeroportcraiova.ro\/en\/wp-json\/wp\/v2\/pages\/27\/revisions\/6384"}],"wp:attachment":[{"href":"https:\/\/aeroportcraiova.ro\/en\/wp-json\/wp\/v2\/media?parent=27"}],"curies":[{"name":"wp","href":"https:\/\/api.w.org\/{rel}","templated":true}]}}