{"id":2872,"date":"2022-05-30T08:21:02","date_gmt":"2022-05-30T08:21:02","guid":{"rendered":"https:\/\/arp.cwtest.ro\/?page_id=2872"},"modified":"2022-05-30T08:21:02","modified_gmt":"2022-05-30T08:21:02","slug":"invitatie-la-creatie","status":"publish","type":"page","link":"https:\/\/aeroportcraiova.ro\/en\/invitatie-la-creatie\/","title":{"rendered":"Invitation to creation"},"content":{"rendered":"\t\t<div data-elementor-type=\"wp-page\" data-elementor-id=\"2872\" class=\"elementor elementor-2872\">\n\t\t\t\t\t\t<section class=\"elementor-section elementor-top-section elementor-element elementor-element-1dbce7b elementor-section-boxed elementor-section-height-default elementor-section-height-default row-top\" data-id=\"1dbce7b\" data-element_type=\"section\" data-e-type=\"section\" data-settings=\"{&quot;background_background&quot;:&quot;slideshow&quot;,&quot;background_slideshow_gallery&quot;:[{&quot;id&quot;:614,&quot;url&quot;:&quot;https:\\\/\\\/gaviaspreview.com\\\/wp\\\/tevily\\\/wp-content\\\/uploads\\\/2020\\\/12\\\/slider-1.jpg&quot;},{&quot;id&quot;:991,&quot;url&quot;:&quot;https:\\\/\\\/gaviaspreview.com\\\/wp\\\/tevily\\\/wp-content\\\/uploads\\\/2021\\\/10\\\/bg-5.jpg&quot;}],&quot;background_slideshow_loop&quot;:&quot;yes&quot;,&quot;background_slideshow_slide_duration&quot;:5000,&quot;background_slideshow_slide_transition&quot;:&quot;fade&quot;,&quot;background_slideshow_transition_duration&quot;:500}\">\n\t\t\t\t\t\t<div class=\"elementor-container elementor-column-gap-default\">\n\t\t\t\t\t<div class=\"elementor-column elementor-col-100 elementor-top-column elementor-element elementor-element-aa4ba02\" data-id=\"aa4ba02\" data-element_type=\"column\" data-e-type=\"column\">\n\t\t\t<div class=\"elementor-widget-wrap elementor-element-populated\">\n\t\t\t\t\t\t<div class=\"elementor-element elementor-element-ef71d0b elementor-widget elementor-widget-gva-heading-block\" data-id=\"ef71d0b\" data-element_type=\"widget\" data-e-type=\"widget\" data-widget_type=\"gva-heading-block.default\">\n\t\t\t\t<div class=\"elementor-widget-container\">\n\t\t\t\t\t<div class=\"gva-element-gva-heading-block gva-element\">   <div class=\"align-center style-1 widget gsc-heading box-align-left auto-responsive\">\r\n      <div class=\"content-inner\">\r\n         \r\n                  \r\n           \r\n         \r\n                     <h2 class=\"title\">\r\n               <span>Invitatie la creatie<\/span>\r\n            <\/h2>\r\n                  \r\n         \r\n      <\/div>\r\n   <\/div>\r\n<\/div>\t\t\t\t<\/div>\n\t\t\t\t<\/div>\n\t\t\t\t\t<\/div>\n\t\t<\/div>\n\t\t\t\t\t<\/div>\n\t\t<\/section>\n\t\t\t\t<section class=\"elementor-section elementor-top-section elementor-element elementor-element-27513a56 elementor-section-boxed elementor-section-height-default elementor-section-height-default row-top\" data-id=\"27513a56\" data-element_type=\"section\" data-e-type=\"section\">\n\t\t\t\t\t\t<div class=\"elementor-container elementor-column-gap-default\">\n\t\t\t\t\t<div class=\"elementor-column elementor-col-100 elementor-top-column elementor-element elementor-element-8e0c2bc\" data-id=\"8e0c2bc\" data-element_type=\"column\" data-e-type=\"column\">\n\t\t\t<div class=\"elementor-widget-wrap elementor-element-populated\">\n\t\t\t\t\t\t<div class=\"elementor-element elementor-element-69889eb3 elementor-widget elementor-widget-text-editor\" data-id=\"69889eb3\" data-element_type=\"widget\" data-e-type=\"widget\" data-widget_type=\"text-editor.default\">\n\t\t\t\t<div class=\"elementor-widget-container\">\n\t\t\t\t\t\t\t\t\t<p><img decoding=\"async\" class=\" wp-image-2851 alignleft\" src=\"https:\/\/arp.cwtest.ro\/wp-content\/uploads\/2022\/05\/13530761_870537556383490_742557333_n-220x300-1.jpg\" alt=\"\" width=\"180\" height=\"245\" \/><\/p><p><span class=\"dia_suggestion w0\" contextmenu=\"true\">T\u00e2n\u0103ra<\/span> <span class=\"dia_suggestion w1\" contextmenu=\"true\">artista<\/span>, <span class=\"dia_suggestion w2\" contextmenu=\"true\"><span class=\"dia_suggestion w62\" contextmenu=\"true\"><span class=\"dia_suggestion w69\" contextmenu=\"true\"><span class=\"dia_suggestion w73\" contextmenu=\"true\"><span class=\"dia_suggestion w99\" contextmenu=\"true\"><span class=\"dia_suggestion w117\" contextmenu=\"true\"><span class=\"dia_suggestion w129\" contextmenu=\"true\"><span class=\"dia_suggestion w134\" contextmenu=\"true\"><span class=\"dia_suggestion w185\" contextmenu=\"true\"><span class=\"dia_suggestion w199\" contextmenu=\"true\">la<\/span><\/span><\/span><\/span><\/span><\/span><\/span><\/span><\/span><\/span> doar 17 ani, are o <span class=\"dia_suggestion w7\" contextmenu=\"true\">experien\u021b\u0103<\/span> <span class=\"dia_suggestion w8\" contextmenu=\"true\">vast\u0103<\/span> <span class=\"dia_suggestion w9\" contextmenu=\"true\">\u00een<\/span> domeniu: a <span class=\"dia_suggestion w12\" contextmenu=\"true\">f\u0103cut<\/span> dou\u0103 scurt-metraje premiate, a <span class=\"dia_suggestion w18\" contextmenu=\"true\">deschis<\/span> o <span class=\"dia_suggestion w20\" contextmenu=\"true\">expozi\u021bie<\/span> de <span class=\"dia_suggestion w22\" contextmenu=\"true\">pictur\u0103<\/span> <span class=\"dia_suggestion w23\" contextmenu=\"true\">\u00eempreun\u0103<\/span> cu Smaranda Rusinaru, <span class=\"dia_suggestion w27\" contextmenu=\"true\">se<\/span> <span class=\"dia_suggestion w28\" contextmenu=\"true\">preg\u0103te\u0219te<\/span> pentru <span class=\"dia_suggestion w30\" contextmenu=\"true\">ambi\u021bioas\u0103<\/span> specializare de regizor <span class=\"dia_suggestion w34\" contextmenu=\"true\">\u0219i<\/span> <span class=\"dia_suggestion w35\" contextmenu=\"true\">invit\u0103<\/span> acum <span class=\"dia_suggestion w37\" contextmenu=\"true\">to\u021b<span class=\"dia_suggestion w42\" contextmenu=\"true\">\u00eei<\/span><\/span> iubitorii artelor plastice <span class=\"dia_suggestion w41\" contextmenu=\"true\">s\u0103<\/span> ii admire <span class=\"dia_suggestion w44\" contextmenu=\"true\">frumoas\u0103<\/span> <span class=\"dia_suggestion w45\" contextmenu=\"true\">expozi\u021bie<\/span>.<\/p><p>Aeroportul <span class=\"dia_suggestion w47\" contextmenu=\"true\">Interna\u021bional<\/span> Craiova <span class=\"dia_suggestion w49\" contextmenu=\"true\">g\u0103zduie\u0219te<\/span> <span class=\"dia_suggestion w50\" contextmenu=\"true\">expozi\u021bia<\/span> de <span class=\"dia_suggestion w22\" contextmenu=\"true\">pictur\u0103<\/span> <span class=\"dia_suggestion w34\" contextmenu=\"true\">\u0219i<\/span> <span class=\"dia_suggestion w54\" contextmenu=\"true\">grafic\u0103<\/span> a unei <span class=\"dia_suggestion w57\" contextmenu=\"true\">tinere<\/span> talentate, Andrada B\u0103leanu, elev\u0103 <span class=\"dia_suggestion w2\" contextmenu=\"true\"><span class=\"dia_suggestion w62\" contextmenu=\"true\"><span class=\"dia_suggestion w69\" contextmenu=\"true\"><span class=\"dia_suggestion w73\" contextmenu=\"true\"><span class=\"dia_suggestion w99\" contextmenu=\"true\"><span class=\"dia_suggestion w117\" contextmenu=\"true\"><span class=\"dia_suggestion w129\" contextmenu=\"true\"><span class=\"dia_suggestion w134\" contextmenu=\"true\"><span class=\"dia_suggestion w185\" contextmenu=\"true\"><span class=\"dia_suggestion w199\" contextmenu=\"true\">la<\/span><\/span><\/span><\/span><\/span><\/span><\/span><\/span><\/span><\/span> Colegiul <span class=\"dia_suggestion w64\" contextmenu=\"true\">Na\u021bional<\/span> \u201c<span class=\"dia_suggestion w65\" contextmenu=\"true\">Fra\u021bii<\/span> <span class=\"dia_suggestion w66\" contextmenu=\"true\">Buze\u0219ti<\/span>\u201d.<br \/>Viitoarea <span class=\"dia_suggestion w68\" contextmenu=\"true\">student\u0103<\/span> <span class=\"dia_suggestion w2\" contextmenu=\"true\"><span class=\"dia_suggestion w62\" contextmenu=\"true\"><span class=\"dia_suggestion w69\" contextmenu=\"true\"><span class=\"dia_suggestion w73\" contextmenu=\"true\"><span class=\"dia_suggestion w99\" contextmenu=\"true\"><span class=\"dia_suggestion w117\" contextmenu=\"true\"><span class=\"dia_suggestion w129\" contextmenu=\"true\"><span class=\"dia_suggestion w134\" contextmenu=\"true\"><span class=\"dia_suggestion w185\" contextmenu=\"true\"><span class=\"dia_suggestion w199\" contextmenu=\"true\">la<\/span><\/span><\/span><\/span><\/span><\/span><\/span><\/span><\/span><\/span> Regie a participat la expozi\u021biile colective ale \u0218colii Populare de Arte \u201eCornetti\u201d unde a studiat <span class=\"dia_suggestion w85\" contextmenu=\"true\">Pictur\u0103<\/span> \u0219i <span class=\"dia_suggestion w87\" contextmenu=\"true\">Grafic\u0103<\/span>.<br \/><span class=\"dia_suggestion w88\" contextmenu=\"true\">\u00cen<\/span> <span class=\"dia_suggestion w89\" contextmenu=\"true\">dat\u0103<\/span> de 16 septembrie 2015 a luat <span class=\"dia_suggestion w94\" contextmenu=\"true\">parte<\/span> \u00eempreun\u0103 cu Smaranda Ru\u0219inaru <span class=\"dia_suggestion w2\" contextmenu=\"true\"><span class=\"dia_suggestion w62\" contextmenu=\"true\"><span class=\"dia_suggestion w69\" contextmenu=\"true\"><span class=\"dia_suggestion w73\" contextmenu=\"true\"><span class=\"dia_suggestion w99\" contextmenu=\"true\"><span class=\"dia_suggestion w117\" contextmenu=\"true\"><span class=\"dia_suggestion w129\" contextmenu=\"true\"><span class=\"dia_suggestion w134\" contextmenu=\"true\"><span class=\"dia_suggestion w185\" contextmenu=\"true\"><span class=\"dia_suggestion w199\" contextmenu=\"true\">la<\/span><\/span><\/span><\/span><\/span><\/span><\/span><\/span><\/span><\/span> vernisajul expozi\u021biei \u201ep u n c t c o m u n\u201d \u2013 <span class=\"dia_suggestion w20\" contextmenu=\"true\">expozi\u021bie<\/span> de <span class=\"dia_suggestion w54\" contextmenu=\"true\">grafic\u0103<\/span> <span class=\"dia_suggestion w34\" contextmenu=\"true\">\u0219i<\/span> <span class=\"dia_suggestion w22\" contextmenu=\"true\">pictur\u0103<\/span>, la <span class=\"dia_suggestion w118\" contextmenu=\"true\">Cas\u0103<\/span> de Cultur\u0103 \u201e<span class=\"dia_suggestion w121\" contextmenu=\"true\">Traian<\/span> Demetrescu\u201d <span class=\"dia_suggestion w123\" contextmenu=\"true\"><span class=\"dia_suggestion w142\" contextmenu=\"true\">din<\/span><\/span> Craiova.<br \/>Pe 19 <span class=\"dia_suggestion w126\" contextmenu=\"true\">mai<\/span> 2016 a participat <span class=\"dia_suggestion w2\" contextmenu=\"true\"><span class=\"dia_suggestion w62\" contextmenu=\"true\"><span class=\"dia_suggestion w69\" contextmenu=\"true\"><span class=\"dia_suggestion w73\" contextmenu=\"true\"><span class=\"dia_suggestion w99\" contextmenu=\"true\"><span class=\"dia_suggestion w117\" contextmenu=\"true\"><span class=\"dia_suggestion w129\" contextmenu=\"true\"><span class=\"dia_suggestion w134\" contextmenu=\"true\"><span class=\"dia_suggestion w185\" contextmenu=\"true\"><span class=\"dia_suggestion w199\" contextmenu=\"true\">la<\/span><\/span><\/span><\/span><\/span><\/span><\/span><\/span><\/span><\/span> vernisajul expozi\u021biei colective \u201eSUPERREALISM\u201d la Plant-Up, \u00een cadrul Festivalului de Film <span class=\"dia_suggestion w123\" contextmenu=\"true\"><span class=\"dia_suggestion w142\" contextmenu=\"true\">din<\/span><\/span> <span class=\"dia_suggestion w143\" contextmenu=\"true\">Bucure\u0219ti<\/span> \u201eSuper\u201d.<br \/>FLEGMATIK, <span class=\"dia_suggestion w146\" contextmenu=\"true\">prima<\/span> expozi\u021bie individual\u0103 a artistei <span class=\"dia_suggestion w151\" contextmenu=\"true\">reune\u0219te<\/span> 13 tablouri \u0219i o instala\u021bie de fotografii <span class=\"dia_suggestion w158\" contextmenu=\"true\"><span class=\"dia_suggestion w191\" contextmenu=\"true\">care<\/span><\/span> <span class=\"dia_suggestion w159\" contextmenu=\"true\">\u00ee\u0219i<\/span> propune <span class=\"dia_suggestion w41\" contextmenu=\"true\">s\u0103<\/span> invadeze <span class=\"dia_suggestion w163\" contextmenu=\"true\">mintea<\/span> privitorului <span class=\"dia_suggestion w165\" contextmenu=\"true\">prin<\/span> culoare, compozi\u021bie \u0219i elemente comune prezentate \u00een situa\u021b<span class=\"dia_suggestion w42\" contextmenu=\"true\">\u00eei<\/span> neobi\u0219nuite.<\/p><p>Aeroportul <span class=\"dia_suggestion w47\" contextmenu=\"true\">Interna\u021bional<\/span> Craiova are <span class=\"dia_suggestion w179\" contextmenu=\"true\">deosebit\u0103<\/span> <span class=\"dia_suggestion w180\" contextmenu=\"true\">pl\u0103cere<\/span> de a <span class=\"dia_suggestion w183\" contextmenu=\"true\"><span class=\"dia_suggestion w192\" contextmenu=\"true\">va<\/span><\/span> <span class=\"dia_suggestion w35\" contextmenu=\"true\">invit\u0103<\/span> <span class=\"dia_suggestion w2\" contextmenu=\"true\"><span class=\"dia_suggestion w62\" contextmenu=\"true\"><span class=\"dia_suggestion w69\" contextmenu=\"true\"><span class=\"dia_suggestion w73\" contextmenu=\"true\"><span class=\"dia_suggestion w99\" contextmenu=\"true\"><span class=\"dia_suggestion w117\" contextmenu=\"true\"><span class=\"dia_suggestion w129\" contextmenu=\"true\"><span class=\"dia_suggestion w134\" contextmenu=\"true\"><span class=\"dia_suggestion w185\" contextmenu=\"true\"><span class=\"dia_suggestion w199\" contextmenu=\"true\">la<\/span><\/span><\/span><\/span><\/span><\/span><\/span><\/span><\/span><\/span> vernisajul <span class=\"dia_suggestion w101\" contextmenu=\"true\">expozi\u021biei<\/span> de <span class=\"dia_suggestion w22\" contextmenu=\"true\">pictur\u0103<\/span> FLEGMATIK <span class=\"dia_suggestion w158\" contextmenu=\"true\"><span class=\"dia_suggestion w191\" contextmenu=\"true\">care<\/span><\/span> va avea loc <span class=\"dia_suggestion w9\" contextmenu=\"true\">\u00een<\/span> <span class=\"dia_suggestion w89\" contextmenu=\"true\">dat\u0103<\/span> de 29 iunie, la orele 19:00, <span class=\"dia_suggestion w137\" contextmenu=\"true\">\u00een<\/span> Galeria <span class=\"dia_suggestion w203\" contextmenu=\"true\">pietonal\u0103<\/span> a Aeroportului Craiova.<\/p><p>\u201c<em><span class=\"dia_suggestion w85\" contextmenu=\"true\">Pictur\u0103<\/span> este un act dureros de realizare a unui echilibru <span class=\"dia_suggestion w217\" contextmenu=\"true\">\u00eentre<\/span> viziunea <span class=\"dia_suggestion w219\" contextmenu=\"true\">interioar\u0103<\/span>, virtuozitate <span class=\"dia_suggestion w34\" contextmenu=\"true\">\u0219i<\/span> mister<\/em>\u201d (Don Demers)<\/p>\t\t\t\t\t\t\t\t<\/div>\n\t\t\t\t<\/div>\n\t\t\t\t<div class=\"elementor-element elementor-element-1eb314a1 elementor-widget elementor-widget-gva-heading-block\" data-id=\"1eb314a1\" data-element_type=\"widget\" data-e-type=\"widget\" data-widget_type=\"gva-heading-block.default\">\n\t\t\t\t<div class=\"elementor-widget-container\">\n\t\t\t\t\t<div class=\"gva-element-gva-heading-block gva-element\">   <div class=\"align-left style-1 widget gsc-heading box-align-left auto-responsive\">\r\n      <div class=\"content-inner\">\r\n         \r\n                  \r\n                     <div class=\"sub-title\"><span>Galerie Foto<\/span><\/div>\r\n           \r\n         \r\n                  \r\n         \r\n      <\/div>\r\n   <\/div>\r\n<\/div>\t\t\t\t<\/div>\n\t\t\t\t<\/div>\n\t\t\t\t<div class=\"elementor-element elementor-element-6b43646c elementor-widget elementor-widget-gva-gallery\" data-id=\"6b43646c\" data-element_type=\"widget\" data-e-type=\"widget\" data-widget_type=\"gva-gallery.default\">\n\t\t\t\t<div class=\"elementor-widget-container\">\n\t\t\t\t\t<div class=\"gva-element-gva-gallery gva-element\">\r\n<div class=\"gva-gallery-carousel swiper-slider-wrapper style-1 \">\r\n\t<div class=\"swiper-content-inner\">\r\n   \t<div class=\"init-carousel-swiper swiper\" data-carousel=\"{&quot;items&quot;:3,&quot;items_lg&quot;:3,&quot;items_md&quot;:4,&quot;items_sm&quot;:3,&quot;items_xs&quot;:2,&quot;items_xx&quot;:1,&quot;effect&quot;:&quot;slide&quot;,&quot;space_between&quot;:30,&quot;loop&quot;:1,&quot;speed&quot;:600,&quot;autoplay&quot;:1,&quot;autoplay_delay&quot;:4500,&quot;autoplay_hover&quot;:1,&quot;navigation&quot;:1,&quot;pagination&quot;:0,&quot;dynamic_bullets&quot;:0,&quot;pagination_type&quot;:&quot;bullets&quot;}\">\r\n      \t<div class=\"swiper-wrapper\">\r\n\t\t\t\t<div class=\"swiper-slide item\">\r\n<div class=\"gallery-item\">\r\n\r\n               <div class=\"image\">\r\n            <img decoding=\"async\" src=\"https:\/\/aeroportcraiova.ro\/wp-content\/uploads\/2022\/05\/13501601_1003405799728583_4636089806694436046_n-600x600.jpg\" alt=\"\" \/>  \r\n         <\/div>\r\n         <a class=\"photo-gallery\" href=\"https:\/\/arp.cwtest.ro\/wp-content\/uploads\/2022\/05\/13501601_1003405799728583_4636089806694436046_n.jpg\" data-elementor-lightbox-slideshow=\"gallery-gegn\"><\/a>\r\n      \r\n      <div class=\"image-content\">\r\n         <div class=\"content-inner\">\r\n                                 <\/div>   \r\n      <\/div>\r\n\r\n   <\/div>\r\n<\/div><div class=\"swiper-slide item\">\r\n<div class=\"gallery-item\">\r\n\r\n               <div class=\"image\">\r\n            <img decoding=\"async\" src=\"https:\/\/aeroportcraiova.ro\/wp-content\/uploads\/2022\/05\/13524297_1003405769728586_4215918132464291554_n-600x600.jpg\" alt=\"\" \/>  \r\n         <\/div>\r\n         <a class=\"photo-gallery\" href=\"https:\/\/arp.cwtest.ro\/wp-content\/uploads\/2022\/05\/13524297_1003405769728586_4215918132464291554_n.jpg\" data-elementor-lightbox-slideshow=\"gallery-gegn\"><\/a>\r\n      \r\n      <div class=\"image-content\">\r\n         <div class=\"content-inner\">\r\n                                 <\/div>   \r\n      <\/div>\r\n\r\n   <\/div>\r\n<\/div><div class=\"swiper-slide item\">\r\n<div class=\"gallery-item\">\r\n\r\n               <div class=\"image\">\r\n            <img decoding=\"async\" src=\"https:\/\/aeroportcraiova.ro\/wp-content\/uploads\/2022\/05\/13533149_1003405766395253_4952090068821281275_n-600x600.jpg\" alt=\"\" \/>  \r\n         <\/div>\r\n         <a class=\"photo-gallery\" href=\"https:\/\/arp.cwtest.ro\/wp-content\/uploads\/2022\/05\/13533149_1003405766395253_4952090068821281275_n.jpg\" data-elementor-lightbox-slideshow=\"gallery-gegn\"><\/a>\r\n      \r\n      <div class=\"image-content\">\r\n         <div class=\"content-inner\">\r\n                                 <\/div>   \r\n      <\/div>\r\n\r\n   <\/div>\r\n<\/div><div class=\"swiper-slide item\">\r\n<div class=\"gallery-item\">\r\n\r\n               <div class=\"image\">\r\n            <img decoding=\"async\" src=\"https:\/\/aeroportcraiova.ro\/wp-content\/uploads\/2022\/05\/13537606_1003405763061920_8090791323138143163_n-600x600.jpg\" alt=\"\" \/>  \r\n         <\/div>\r\n         <a class=\"photo-gallery\" href=\"https:\/\/arp.cwtest.ro\/wp-content\/uploads\/2022\/05\/13537606_1003405763061920_8090791323138143163_n.jpg\" data-elementor-lightbox-slideshow=\"gallery-gegn\"><\/a>\r\n      \r\n      <div class=\"image-content\">\r\n         <div class=\"content-inner\">\r\n                                 <\/div>   \r\n      <\/div>\r\n\r\n   <\/div>\r\n<\/div>\t\t\t<\/div>\r\n\t\t<\/div>\r\n\t<\/div>\r\n\t   <div class=\"swiper-nav-next\"><\/div><div class=\"swiper-nav-prev\"><\/div><\/div>\r\n<\/div>\t\t\t\t<\/div>\n\t\t\t\t<\/div>\n\t\t\t\t\t<\/div>\n\t\t<\/div>\n\t\t\t\t\t<\/div>\n\t\t<\/section>\n\t\t\t\t<section class=\"elementor-section elementor-top-section elementor-element elementor-element-454b313 bg-row-theme elementor-hidden-desktop elementor-hidden-tablet elementor-hidden-mobile elementor-section-boxed elementor-section-height-default elementor-section-height-default row-top\" data-id=\"454b313\" data-element_type=\"section\" data-e-type=\"section\" data-settings=\"{&quot;background_background&quot;:&quot;classic&quot;}\">\n\t\t\t\t\t\t<div class=\"elementor-container elementor-column-gap-default\">\n\t\t\t\t\t<div class=\"elementor-column elementor-col-50 elementor-top-column elementor-element elementor-element-457e554\" data-id=\"457e554\" data-element_type=\"column\" data-e-type=\"column\">\n\t\t\t<div class=\"elementor-widget-wrap elementor-element-populated\">\n\t\t\t\t\t\t<div class=\"elementor-element elementor-element-1a71663 elementor-widget elementor-widget-gva-heading-block\" data-id=\"1a71663\" data-element_type=\"widget\" data-e-type=\"widget\" data-widget_type=\"gva-heading-block.default\">\n\t\t\t\t<div class=\"elementor-widget-container\">\n\t\t\t\t\t<div class=\"gva-element-gva-heading-block gva-element\">   <div class=\"align-left style-1 widget gsc-heading box-align-left auto-responsive\">\r\n      <div class=\"content-inner\">\r\n         \r\n                  \r\n                     <div class=\"sub-title\"><span>Plan your trip with us<\/span><\/div>\r\n           \r\n         \r\n                     <h2 class=\"title\">\r\n               <span>Ready for an unforgetable tour?<\/span>\r\n            <\/h2>\r\n                  \r\n         \r\n      <\/div>\r\n   <\/div>\r\n<\/div>\t\t\t\t<\/div>\n\t\t\t\t<\/div>\n\t\t\t\t\t<\/div>\n\t\t<\/div>\n\t\t\t\t<div class=\"elementor-column elementor-col-50 elementor-top-column elementor-element elementor-element-874db5b\" data-id=\"874db5b\" data-element_type=\"column\" data-e-type=\"column\">\n\t\t\t<div class=\"elementor-widget-wrap elementor-element-populated\">\n\t\t\t\t\t\t<div class=\"elementor-element elementor-element-aedf4e6 elementor-widget__width-auto elementor-widget elementor-widget-html\" data-id=\"aedf4e6\" data-element_type=\"widget\" data-e-type=\"widget\" data-widget_type=\"html.default\">\n\t\t\t\t<div class=\"elementor-widget-container\">\n\t\t\t\t\t<a class=\"btn-black btn-medium\" href=\"https:\/\/gaviaspreview.com\/wp\/tevily\/tours-list-view\/?same_page=1\">\n    Book Tour Now\n<\/a>\t\t\t\t<\/div>\n\t\t\t\t<\/div>\n\t\t\t\t\t<\/div>\n\t\t<\/div>\n\t\t\t\t\t<\/div>\n\t\t<\/section>\n\t\t\t\t<section class=\"elementor-section elementor-top-section elementor-element elementor-element-6826d3b elementor-section-boxed elementor-section-height-default elementor-section-height-default row-top\" data-id=\"6826d3b\" data-element_type=\"section\" data-e-type=\"section\">\n\t\t\t\t\t\t<div class=\"elementor-container elementor-column-gap-default\">\n\t\t\t\t\t<div class=\"elementor-column elementor-col-100 elementor-top-column elementor-element elementor-element-e8ce769\" data-id=\"e8ce769\" data-element_type=\"column\" data-e-type=\"column\">\n\t\t\t<div class=\"elementor-widget-wrap elementor-element-populated\">\n\t\t\t\t\t\t<div class=\"elementor-element elementor-element-af66bda elementor-widget elementor-widget-spacer\" data-id=\"af66bda\" data-element_type=\"widget\" data-e-type=\"widget\" data-widget_type=\"spacer.default\">\n\t\t\t\t<div class=\"elementor-widget-container\">\n\t\t\t\t\t\t\t<div class=\"elementor-spacer\">\n\t\t\t<div class=\"elementor-spacer-inner\"><\/div>\n\t\t<\/div>\n\t\t\t\t\t\t<\/div>\n\t\t\t\t<\/div>\n\t\t\t\t\t<\/div>\n\t\t<\/div>\n\t\t\t\t\t<\/div>\n\t\t<\/section>\n\t\t\t\t<\/div>\n\t\t","protected":false},"excerpt":{"rendered":"<p>Invitatie la creatie T\u00e2n\u0103ra artista, la doar 17 ani, are o experien\u021b\u0103 vast\u0103 \u00een domeniu: a f\u0103cut dou\u0103 scurt-metraje premiate, a deschis o expozi\u021bie de pictur\u0103 \u00eempreun\u0103 cu Smaranda Rusinaru, se preg\u0103te\u0219te pentru ambi\u021bioas\u0103 specializare de regizor \u0219i invit\u0103 acum to\u021b\u00eei iubitorii artelor plastice s\u0103 ii admire frumoas\u0103 expozi\u021bie. Aeroportul Interna\u021bional Craiova g\u0103zduie\u0219te expozi\u021bia de [&hellip;]<\/p>\n","protected":false},"author":1,"featured_media":0,"parent":0,"menu_order":0,"comment_status":"closed","ping_status":"closed","template":"","meta":{"footnotes":""},"class_list":["post-2872","page","type-page","status-publish","hentry"],"_links":{"self":[{"href":"https:\/\/aeroportcraiova.ro\/en\/wp-json\/wp\/v2\/pages\/2872","targetHints":{"allow":["GET"]}}],"collection":[{"href":"https:\/\/aeroportcraiova.ro\/en\/wp-json\/wp\/v2\/pages"}],"about":[{"href":"https:\/\/aeroportcraiova.ro\/en\/wp-json\/wp\/v2\/types\/page"}],"author":[{"embeddable":true,"href":"https:\/\/aeroportcraiova.ro\/en\/wp-json\/wp\/v2\/users\/1"}],"replies":[{"embeddable":true,"href":"https:\/\/aeroportcraiova.ro\/en\/wp-json\/wp\/v2\/comments?post=2872"}],"version-history":[{"count":8,"href":"https:\/\/aeroportcraiova.ro\/en\/wp-json\/wp\/v2\/pages\/2872\/revisions"}],"predecessor-version":[{"id":2880,"href":"https:\/\/aeroportcraiova.ro\/en\/wp-json\/wp\/v2\/pages\/2872\/revisions\/2880"}],"wp:attachment":[{"href":"https:\/\/aeroportcraiova.ro\/en\/wp-json\/wp\/v2\/media?parent=2872"}],"curies":[{"name":"wp","href":"https:\/\/api.w.org\/{rel}","templated":true}]}}