{"id":7364,"date":"2025-02-28T09:39:05","date_gmt":"2025-02-28T09:39:05","guid":{"rendered":"https:\/\/aeroportcraiova.ro\/?page_id=7364"},"modified":"2025-02-28T11:36:46","modified_gmt":"2025-02-28T11:36:46","slug":"guvernanta-corporativa","status":"publish","type":"page","link":"https:\/\/aeroportcraiova.ro\/en\/guvernanta-corporativa\/","title":{"rendered":"Guvernanta Corporativa"},"content":{"rendered":"<div class=\"col-lg-12 col-md-12\">\n<div class=\"row-cols-1 gy-4\">\n<div class=\"elementor elementor-2052\" data-elementor-type=\"wp-page\" data-elementor-id=\"2052\">\n<section class=\"elementor-section elementor-top-section elementor-element elementor-element-eb13e3e elementor-section-boxed elementor-section-height-default elementor-section-height-default\" data-id=\"eb13e3e\" data-element_type=\"section\">\n<div class=\"elementor-container elementor-column-gap-default\">\n<div class=\"elementor-column elementor-col-100 elementor-top-column elementor-element elementor-element-37bea37\" data-id=\"37bea37\" data-element_type=\"column\">\n<div class=\"elementor-widget-wrap elementor-element-populated\">\n<div class=\"elementor-element elementor-element-d1c6e5e elementor-widget elementor-widget-text-editor\" data-id=\"d1c6e5e\" data-element_type=\"widget\" data-widget_type=\"text-editor.default\">\n<div class=\"elementor-widget-container\">\n<p>Documente conform OUG 109\/2011.<\/p>\n<\/div>\n<\/div>\n<\/div>\n<\/div>\n<\/div>\n<\/section>\n<section class=\"elementor-section elementor-top-section elementor-element elementor-element-ae133c3 elementor-section-boxed elementor-section-height-default elementor-section-height-default\" data-id=\"ae133c3\" data-element_type=\"section\">\n<div class=\"elementor-container elementor-column-gap-default\">\n<div class=\"elementor-column elementor-col-100 elementor-top-column elementor-element elementor-element-db6d1c1\" data-id=\"db6d1c1\" data-element_type=\"column\">\n<div class=\"elementor-widget-wrap elementor-element-populated\">\n<div class=\"elementor-element elementor-element-321eeac elementor-widget elementor-widget-eael-advanced-data-table\" data-id=\"321eeac\" data-element_type=\"widget\" data-widget_type=\"eael-advanced-data-table.default\">\n<div class=\"elementor-widget-container\">\n<div class=\"ea-advanced-data-table-wrap\" data-id=\"321eeac\">\n<div class=\"ea-advanced-data-table-wrap-inner\">\n<table class=\"ea-advanced-data-table ea-advanced-data-table-static ea-advanced-data-table-321eeac ea-advanced-data-table-paginated\" data-id=\"321eeac\" data-items-per-page=\"21\">\n<thead>\n<tr>\n<th><strong>Articol*<\/strong><\/th>\n<th><strong>Documente \u0219i informa\u021bii<\/strong><\/th>\n<th><strong>Link publicare informa\u021bii<\/strong><\/th>\n<\/tr>\n<\/thead>\n<tbody>\n<tr>\n<td>Art. 51 lit. (a)<\/td>\n<td>Hot\u0103r\u00e2rile adun\u0103rilor generale ale ac\u021bionarilor, \u00een termen de 2 zile lucr\u0103toare de la data adun\u0103rii<\/td>\n<td><a href=\"https:\/\/aeroportcraiova.ro\/transparenta\/hotarari-2\/\" target=\"_blank\" rel=\"noopener\">Detalii aici<\/a><\/td>\n<\/tr>\n<tr>\n<td>Art. 51 lit. (b)<\/td>\n<td>Situa\u021biile financiare anuale, \u00een termen de 2 zile lucr\u0103toare de la data aprob\u0103rii<\/td>\n<td><a href=\"https:\/\/aeroportcraiova.ro\/situatii-financiare-anuale\/\" target=\"_blank\" rel=\"noopener\">Detalii aici<\/a><\/td>\n<\/tr>\n<tr>\n<td>Art. 51 lit. (c)<\/td>\n<td>Raport\u0103rile contabile semestriale, \u00een termen de 45 de zile de la \u00eencheierea semestrului<\/td>\n<td><a href=\"https:\/\/aeroportcraiova.ro\/raportari-contabile-anuale-3\/\" target=\"_blank\" rel=\"noopener\">Detalii aici<\/a><\/td>\n<\/tr>\n<tr>\n<td>Art. 51 lit. (d)<\/td>\n<td>Componen\u021ba consiliului de administra\u021bie\/consiliului de supraveghere\/directoratului, inclusiv: numele \u0219i prenumele fiec\u0103rui membru al consiliului de administra\u021bie\/consiliului de supraveghere\/directoratului, CV-ul fiec\u0103rui membru al consiliului de administra\u021bie\/consiliului de supraveghere\/directoratului, data \u00eencet\u0103rii mandatului fiec\u0103rui membru al consiliului de administra\u021bie\/consiliului de supraveghere\/directoratului, afilierea politic\u0103 a fiec\u0103rui membru al consiliului de administra\u021bie\/consiliului de supraveghere\/directoratului, statutul fiec\u0103rui membru al consiliului de administra\u021bie\/consiliului de supraveghere\/directoratului, respectiv definitivi sau provizorii, remunera\u021bia fiec\u0103rui membru al consiliului de administra\u021bie\/consiliului de supraveghere\/directoratului, inclusiv eventuale bonusuri sau beneficii<\/td>\n<td><a href=\"https:\/\/aeroportcraiova.ro\/informatii-publice\/cv-uri\/\" target=\"_blank\" rel=\"noopener\">Detalii aici<\/a><\/td>\n<\/tr>\n<tr>\n<td>Art. 51 lit. (e)<\/td>\n<td>Declara\u021biile de avere \u0219i de interese ale fiec\u0103rui membru al consiliului de administra\u021bie\/consiliului de supraveghere\/directoratului de pe \u00eentreaga durat\u0103 a mandatului<\/td>\n<td><a href=\"https:\/\/aeroportcraiova.ro\/informatii-publice\/declaratii\/\" target=\"_blank\" rel=\"noopener\">Detalii aici<\/a><\/td>\n<\/tr>\n<tr>\n<td>Art. 51 lit. (f)<\/td>\n<td>Raportul anual cu privire la remunera\u021biile \u0219i alte avantaje acordate administratorilor \u0219i directorilor, respectiv membrilor consiliului de supraveghere \u0219i membrilor directoratului \u00een cursul anului financiar<\/td>\n<td><a href=\"https:\/\/aeroportcraiova.ro\/politica-si-criteriile-de-remunerare\/\" target=\"_blank\" rel=\"noopener\">Detalii aici<\/a><\/td>\n<\/tr>\n<tr>\n<td>Art. 51 lit. (g)<\/td>\n<td>Codul de etic\u0103, \u00een 2 zile lucr\u0103toare de la data adopt\u0103rii, respectiv la data de 31 mai a fiec\u0103rui an, \u00een cazul revizuirii acestuia<\/td>\n<td><a href=\"https:\/\/aeroportcraiova.ro\/informatii-publice\/consiliul-de-administratie\/codul-de-etica\/\" target=\"_blank\" rel=\"noopener\">Detalii aici<\/a><\/td>\n<\/tr>\n<tr>\n<td>Art. 51 lit. (h)<\/td>\n<td>Procedura prin care s-a f\u0103cut selec\u021bia membrilor consiliului de administra\u021bie\/consiliului de supraveghere\/directoratului, precum \u0219i revoc\u0103rile din func\u021biile respective \u00een ultimii 3 ani \u0219i motivele revoc\u0103rilor<\/td>\n<td><a href=\"https:\/\/aeroportcraiova.ro\/documente-selectie\/\" target=\"_blank\" rel=\"noopener\">Detalii aici<\/a><\/td>\n<\/tr>\n<tr>\n<td>Art. 51 lit. (i)<\/td>\n<td>Scrisoarea de a\u0219tept\u0103ri<\/td>\n<td><a href=\"https:\/\/aeroportcraiova.ro\/wp-content\/uploads\/2025\/02\/Scrisoare-asteptari-Aeroport-Int-Craiova-2025.pdf\" target=\"_blank\" rel=\"noopener\">Detalii aici<\/a><\/td>\n<\/tr>\n<tr>\n<td>Art. 51 lit. (j)<\/td>\n<td>Contractul de mandat<\/td>\n<td><a href=\"https:\/\/aeroportcraiova.ro\/contractul-de-mandat\/\" target=\"_blank\" rel=\"noopener\">Detalii aici<\/a><\/td>\n<\/tr>\n<tr>\n<td>Art. 51 lit. (k)<\/td>\n<td>Bugetul pentru investi\u021bii \u00een fiecare dintre ultimii 3 ani financiari<\/td>\n<td><a href=\"https:\/\/aeroportcraiova.ro\/bugetul-investitiilor\/\" target=\"_blank\" rel=\"noopener\">Detalii aici<\/a><\/td>\n<\/tr>\n<tr>\n<td>Art. 51 lit. (l)<\/td>\n<td>Cheltuielile totale cu personalul \u00een ultimii 3 ani (inclusiv salarii, sporuri, bonusuri, traininguri sau formare profesional\u0103, decont\u0103ri \u0219i alte beneficii<\/td>\n<td><a href=\"https:\/\/aeroportcraiova.ro\/cheltuieli-totale-cu-personalul\/\" target=\"_blank\" rel=\"noopener\">Detalii aici<\/a><\/td>\n<\/tr>\n<tr>\n<td>Art. 51 lit. (m)<\/td>\n<td>Datoriile \u00eentreprinderii publice c\u0103tre bugetul de stat, c\u0103tre institu\u021bii de creditare \u0219i c\u0103tre parteneri comerciali, cu men\u021biunea pentru fiecare categorie c\u00e2t la sut\u0103 este reprezentat de restan\u021be de plat\u0103<\/td>\n<td><a href=\"https:\/\/aeroportcraiova.ro\/datoriile-regiei\/\">Detalii aici<\/a><\/td>\n<\/tr>\n<tr>\n<td>Art. 51 lit. (n)<\/td>\n<td>Valoarea subven\u021biei opera\u021bionale primite de la bugetul de stat<\/td>\n<td><a href=\"https:\/\/aeroportcraiova.ro\/valoarea-subventiei-de-la-bugetul-de-stat\/\">Detalii aici<\/a><\/td>\n<\/tr>\n<tr>\n<td>Art. 51 lit. (o)<\/td>\n<td>Serviciile sau bunurile produse de \u00eentreprindere \u00een interes public<\/td>\n<td><a href=\"https:\/\/aeroportcraiova.ro\/servicii-de-interes-public-2\/\" target=\"_blank\" rel=\"noopener\">Detalii aici<\/a><\/td>\n<\/tr>\n<tr>\n<td>Art. 51 lit. (p)<\/td>\n<td>Men\u021bionarea obiectivului de politic\u0103 public\u0103 a \u00eentreprinderii<\/td>\n<td><a href=\"https:\/\/aeroportcraiova.ro\/obiectiv-de-politica-publica\/\" target=\"_blank\" rel=\"noopener\">Detalii aici<\/a><\/td>\n<\/tr>\n<tr>\n<td>Art. 51 lit. (q)<\/td>\n<td>Situa\u021biile de risc\/analiza de risc din domeniul de activitate al \u00eentreprinderii<\/td>\n<td><a href=\"https:\/\/aeroportcraiova.ro\/situatiile-de-risc-analiza-de-risc\/\" target=\"_blank\" rel=\"noopener\">Detalii aici<\/a><\/td>\n<\/tr>\n<tr>\n<td>Art. 51 lit. (r)<\/td>\n<td>Raportul anual agregat pe pagina web a \u00eentreprinderii<\/td>\n<td><a href=\"https:\/\/aeroportcraiova.ro\/rapoarte-ale-consiliului-de-administratie\/\" target=\"_blank\" rel=\"noopener\">Detalii aici<\/a><\/td>\n<\/tr>\n<tr>\n<td>Art. 51 lit. (\u0219)<\/td>\n<td>Planul de integritate al \u00eentreprinderii (dezvoltat \u00een concordan\u021b\u0103 cu Ghidul de bun\u0103 practic\u0103 al OCDE privind controlul intern, etica \u0219i conformitatea) \u0219i mecanismul de raportare de c\u0103tre avertizorii \u00een interes public a \u00eenc\u0103lc\u0103rilor legii<\/td>\n<td><a href=\"https:\/\/aeroportcraiova.ro\/informatii-publice\/planul-de-integritate-al-intreprinderi\/\" target=\"_blank\" rel=\"noopener\">Detalii aici<\/a><\/td>\n<\/tr>\n<tr>\n<td>Art. 51 lit. (t)<\/td>\n<td>Raportul de audit extern<\/td>\n<td><a href=\"https:\/\/aeroportcraiova.ro\/rapoarte-de-audit-extern\/\" target=\"_blank\" rel=\"noopener\">Detalii aici<\/a><\/td>\n<\/tr>\n<\/tbody>\n<\/table>\n<\/div>\n<div class=\"ea-advanced-data-table-pagination ea-advanced-data-table-pagination-button clearfix\"><\/div>\n<\/div>\n<\/div>\n<\/div>\n<\/div>\n<\/div>\n<\/div>\n<\/section>\n<\/div>\n<\/div>\n<\/div>","protected":false},"excerpt":{"rendered":"<p>Documente conform OUG 109\/2011. Articol* Documente \u0219i informa\u021bii Link publicare informa\u021bii Art. 51 lit. (a) Hot\u0103r\u00e2rile adun\u0103rilor generale ale ac\u021bionarilor, \u00een termen de 2 zile lucr\u0103toare de la data adun\u0103rii Detalii aici Art. 51 lit. (b) Situa\u021biile financiare anuale, \u00een termen de 2 zile lucr\u0103toare de la data aprob\u0103rii Detalii aici Art. 51 lit. (c) [&hellip;]<\/p>\n","protected":false},"author":2,"featured_media":0,"parent":0,"menu_order":0,"comment_status":"closed","ping_status":"closed","template":"","meta":{"footnotes":""},"class_list":["post-7364","page","type-page","status-publish","hentry"],"_links":{"self":[{"href":"https:\/\/aeroportcraiova.ro\/en\/wp-json\/wp\/v2\/pages\/7364","targetHints":{"allow":["GET"]}}],"collection":[{"href":"https:\/\/aeroportcraiova.ro\/en\/wp-json\/wp\/v2\/pages"}],"about":[{"href":"https:\/\/aeroportcraiova.ro\/en\/wp-json\/wp\/v2\/types\/page"}],"author":[{"embeddable":true,"href":"https:\/\/aeroportcraiova.ro\/en\/wp-json\/wp\/v2\/users\/2"}],"replies":[{"embeddable":true,"href":"https:\/\/aeroportcraiova.ro\/en\/wp-json\/wp\/v2\/comments?post=7364"}],"version-history":[{"count":10,"href":"https:\/\/aeroportcraiova.ro\/en\/wp-json\/wp\/v2\/pages\/7364\/revisions"}],"predecessor-version":[{"id":7408,"href":"https:\/\/aeroportcraiova.ro\/en\/wp-json\/wp\/v2\/pages\/7364\/revisions\/7408"}],"wp:attachment":[{"href":"https:\/\/aeroportcraiova.ro\/en\/wp-json\/wp\/v2\/media?parent=7364"}],"curies":[{"name":"wp","href":"https:\/\/api.w.org\/{rel}","templated":true}]}}