{"id":2812,"date":"2022-05-30T07:47:16","date_gmt":"2022-05-30T07:47:16","guid":{"rendered":"https:\/\/arp.cwtest.ro\/?page_id=2812"},"modified":"2022-05-30T07:53:59","modified_gmt":"2022-05-30T07:53:59","slug":"expozitie-de-pictura-si-grafica-andrada-baleanu","status":"publish","type":"page","link":"https:\/\/aeroportcraiova.ro\/sr\/expozitie-de-pictura-si-grafica-andrada-baleanu\/","title":{"rendered":"Expozitie de pictura si grafica &#8211; Andrada Baleanu"},"content":{"rendered":"\t\t<div data-elementor-type=\"wp-page\" data-elementor-id=\"2812\" class=\"elementor elementor-2812\">\n\t\t\t\t\t\t<section class=\"elementor-section elementor-top-section elementor-element elementor-element-1dbce7b elementor-section-boxed elementor-section-height-default elementor-section-height-default row-top\" data-id=\"1dbce7b\" data-element_type=\"section\" data-e-type=\"section\" data-settings=\"{&quot;background_background&quot;:&quot;slideshow&quot;,&quot;background_slideshow_gallery&quot;:[{&quot;id&quot;:614,&quot;url&quot;:&quot;https:\\\/\\\/gaviaspreview.com\\\/wp\\\/tevily\\\/wp-content\\\/uploads\\\/2020\\\/12\\\/slider-1.jpg&quot;},{&quot;id&quot;:991,&quot;url&quot;:&quot;https:\\\/\\\/gaviaspreview.com\\\/wp\\\/tevily\\\/wp-content\\\/uploads\\\/2021\\\/10\\\/bg-5.jpg&quot;}],&quot;background_slideshow_loop&quot;:&quot;yes&quot;,&quot;background_slideshow_slide_duration&quot;:5000,&quot;background_slideshow_slide_transition&quot;:&quot;fade&quot;,&quot;background_slideshow_transition_duration&quot;:500}\">\n\t\t\t\t\t\t<div class=\"elementor-container elementor-column-gap-default\">\n\t\t\t\t\t<div class=\"elementor-column elementor-col-100 elementor-top-column elementor-element elementor-element-aa4ba02\" data-id=\"aa4ba02\" data-element_type=\"column\" data-e-type=\"column\">\n\t\t\t<div class=\"elementor-widget-wrap elementor-element-populated\">\n\t\t\t\t\t\t<div class=\"elementor-element elementor-element-ef71d0b elementor-widget elementor-widget-gva-heading-block\" data-id=\"ef71d0b\" data-element_type=\"widget\" data-e-type=\"widget\" data-widget_type=\"gva-heading-block.default\">\n\t\t\t\t<div class=\"elementor-widget-container\">\n\t\t\t\t\t<div class=\"gva-element-gva-heading-block gva-element\">   <div class=\"align-center style-1 widget gsc-heading box-align-left auto-responsive\">\r\n      <div class=\"content-inner\">\r\n         \r\n                  \r\n           \r\n         \r\n                     <h2 class=\"title\">\r\n               <span>Expozi\u021bia de pictur\u0103 \u0219i grafic\u0103<\/span>\r\n            <\/h2>\r\n                              <div class=\"title-desc\">Andrada B\u0103leanu<\/div>\r\n         \r\n         \r\n      <\/div>\r\n   <\/div>\r\n<\/div>\t\t\t\t<\/div>\n\t\t\t\t<\/div>\n\t\t\t\t\t<\/div>\n\t\t<\/div>\n\t\t\t\t\t<\/div>\n\t\t<\/section>\n\t\t\t\t<section class=\"elementor-section elementor-top-section elementor-element elementor-element-7e9c1af9 elementor-section-boxed elementor-section-height-default elementor-section-height-default row-top\" data-id=\"7e9c1af9\" data-element_type=\"section\" data-e-type=\"section\">\n\t\t\t\t\t\t<div class=\"elementor-container elementor-column-gap-default\">\n\t\t\t\t\t<div class=\"elementor-column elementor-col-100 elementor-top-column elementor-element elementor-element-27c9e840\" data-id=\"27c9e840\" data-element_type=\"column\" data-e-type=\"column\">\n\t\t\t<div class=\"elementor-widget-wrap elementor-element-populated\">\n\t\t\t\t\t\t<div class=\"elementor-element elementor-element-b45e072 elementor-widget elementor-widget-gva-heading-block\" data-id=\"b45e072\" data-element_type=\"widget\" data-e-type=\"widget\" data-widget_type=\"gva-heading-block.default\">\n\t\t\t\t<div class=\"elementor-widget-container\">\n\t\t\t\t\t<div class=\"gva-element-gva-heading-block gva-element\">   <div class=\"align-left style-1 widget gsc-heading box-align-left auto-responsive\">\r\n      <div class=\"content-inner\">\r\n         \r\n                  \r\n           \r\n         \r\n                              <div class=\"title-desc\">Aeroportul Interna\u021bional Craiova g\u0103zduie\u0219te din dat\u0103 de 29 iunie, \u00een Galeria pietonal\u0103 a Aeroportului expozi\u021bia de pictur\u0103 \u0219i grafic\u0103 a unei tinere talentate, Andrada B\u0103leanu, elev\u0103 la Colegiul Na\u021bional \u201cFra\u021bii Buze\u0219ti\u201d.<\/div>\r\n         \r\n         \r\n      <\/div>\r\n   <\/div>\r\n<\/div>\t\t\t\t<\/div>\n\t\t\t\t<\/div>\n\t\t\t\t<div class=\"elementor-element elementor-element-63700fe5 elementor-widget elementor-widget-gva-gallery\" data-id=\"63700fe5\" data-element_type=\"widget\" data-e-type=\"widget\" data-widget_type=\"gva-gallery.default\">\n\t\t\t\t<div class=\"elementor-widget-container\">\n\t\t\t\t\t<div class=\"gva-element-gva-gallery gva-element\">\r\n<div class=\"gva-gallery-carousel swiper-slider-wrapper style-1 \">\r\n\t<div class=\"swiper-content-inner\">\r\n   \t<div class=\"init-carousel-swiper swiper\" data-carousel=\"{&quot;items&quot;:3,&quot;items_lg&quot;:3,&quot;items_md&quot;:4,&quot;items_sm&quot;:3,&quot;items_xs&quot;:2,&quot;items_xx&quot;:1,&quot;effect&quot;:&quot;slide&quot;,&quot;space_between&quot;:30,&quot;loop&quot;:1,&quot;speed&quot;:600,&quot;autoplay&quot;:1,&quot;autoplay_delay&quot;:4500,&quot;autoplay_hover&quot;:1,&quot;navigation&quot;:1,&quot;pagination&quot;:0,&quot;dynamic_bullets&quot;:0,&quot;pagination_type&quot;:&quot;bullets&quot;}\">\r\n      \t<div class=\"swiper-wrapper\">\r\n\t\t\t\t<div class=\"swiper-slide item\">\r\n<div class=\"gallery-item\">\r\n\r\n               <div class=\"image\">\r\n            <img decoding=\"async\" src=\"https:\/\/aeroportcraiova.ro\/wp-content\/uploads\/2022\/05\/13501601_1003405799728583_4636089806694436046_n-600x600.jpg\" alt=\"\" \/>  \r\n         <\/div>\r\n         <a class=\"photo-gallery\" href=\"https:\/\/arp.cwtest.ro\/wp-content\/uploads\/2022\/05\/13501601_1003405799728583_4636089806694436046_n.jpg\" data-elementor-lightbox-slideshow=\"gallery-cb3r\"><\/a>\r\n      \r\n      <div class=\"image-content\">\r\n         <div class=\"content-inner\">\r\n                                 <\/div>   \r\n      <\/div>\r\n\r\n   <\/div>\r\n<\/div><div class=\"swiper-slide item\">\r\n<div class=\"gallery-item\">\r\n\r\n               <div class=\"image\">\r\n            <img decoding=\"async\" src=\"https:\/\/aeroportcraiova.ro\/wp-content\/uploads\/2022\/05\/13524297_1003405769728586_4215918132464291554_n-600x600.jpg\" alt=\"\" \/>  \r\n         <\/div>\r\n         <a class=\"photo-gallery\" href=\"https:\/\/arp.cwtest.ro\/wp-content\/uploads\/2022\/05\/13524297_1003405769728586_4215918132464291554_n.jpg\" data-elementor-lightbox-slideshow=\"gallery-cb3r\"><\/a>\r\n      \r\n      <div class=\"image-content\">\r\n         <div class=\"content-inner\">\r\n                                 <\/div>   \r\n      <\/div>\r\n\r\n   <\/div>\r\n<\/div><div class=\"swiper-slide item\">\r\n<div class=\"gallery-item\">\r\n\r\n               <div class=\"image\">\r\n            <img decoding=\"async\" src=\"https:\/\/aeroportcraiova.ro\/wp-content\/uploads\/2022\/05\/13533149_1003405766395253_4952090068821281275_n-600x600.jpg\" alt=\"\" \/>  \r\n         <\/div>\r\n         <a class=\"photo-gallery\" href=\"https:\/\/arp.cwtest.ro\/wp-content\/uploads\/2022\/05\/13533149_1003405766395253_4952090068821281275_n.jpg\" data-elementor-lightbox-slideshow=\"gallery-cb3r\"><\/a>\r\n      \r\n      <div class=\"image-content\">\r\n         <div class=\"content-inner\">\r\n                                 <\/div>   \r\n      <\/div>\r\n\r\n   <\/div>\r\n<\/div><div class=\"swiper-slide item\">\r\n<div class=\"gallery-item\">\r\n\r\n               <div class=\"image\">\r\n            <img decoding=\"async\" src=\"https:\/\/aeroportcraiova.ro\/wp-content\/uploads\/2022\/05\/13537606_1003405763061920_8090791323138143163_n-600x600.jpg\" alt=\"\" \/>  \r\n         <\/div>\r\n         <a class=\"photo-gallery\" href=\"https:\/\/arp.cwtest.ro\/wp-content\/uploads\/2022\/05\/13537606_1003405763061920_8090791323138143163_n.jpg\" data-elementor-lightbox-slideshow=\"gallery-cb3r\"><\/a>\r\n      \r\n      <div class=\"image-content\">\r\n         <div class=\"content-inner\">\r\n                                 <\/div>   \r\n      <\/div>\r\n\r\n   <\/div>\r\n<\/div>\t\t\t<\/div>\r\n\t\t<\/div>\r\n\t<\/div>\r\n\t   <div class=\"swiper-nav-next\"><\/div><div class=\"swiper-nav-prev\"><\/div><\/div>\r\n<\/div>\t\t\t\t<\/div>\n\t\t\t\t<\/div>\n\t\t\t\t\t<\/div>\n\t\t<\/div>\n\t\t\t\t\t<\/div>\n\t\t<\/section>\n\t\t\t\t<section class=\"elementor-section elementor-top-section elementor-element elementor-element-454b313 bg-row-theme elementor-hidden-desktop elementor-hidden-tablet elementor-hidden-mobile elementor-section-boxed elementor-section-height-default elementor-section-height-default row-top\" data-id=\"454b313\" data-element_type=\"section\" data-e-type=\"section\" data-settings=\"{&quot;background_background&quot;:&quot;classic&quot;}\">\n\t\t\t\t\t\t<div class=\"elementor-container elementor-column-gap-default\">\n\t\t\t\t\t<div class=\"elementor-column elementor-col-50 elementor-top-column elementor-element elementor-element-457e554\" data-id=\"457e554\" data-element_type=\"column\" data-e-type=\"column\">\n\t\t\t<div class=\"elementor-widget-wrap elementor-element-populated\">\n\t\t\t\t\t\t<div class=\"elementor-element elementor-element-1a71663 elementor-widget elementor-widget-gva-heading-block\" data-id=\"1a71663\" data-element_type=\"widget\" data-e-type=\"widget\" data-widget_type=\"gva-heading-block.default\">\n\t\t\t\t<div class=\"elementor-widget-container\">\n\t\t\t\t\t<div class=\"gva-element-gva-heading-block gva-element\">   <div class=\"align-left style-1 widget gsc-heading box-align-left auto-responsive\">\r\n      <div class=\"content-inner\">\r\n         \r\n                  \r\n                     <div class=\"sub-title\"><span>Plan your trip with us<\/span><\/div>\r\n           \r\n         \r\n                     <h2 class=\"title\">\r\n               <span>Ready for an unforgetable tour?<\/span>\r\n            <\/h2>\r\n                  \r\n         \r\n      <\/div>\r\n   <\/div>\r\n<\/div>\t\t\t\t<\/div>\n\t\t\t\t<\/div>\n\t\t\t\t\t<\/div>\n\t\t<\/div>\n\t\t\t\t<div class=\"elementor-column elementor-col-50 elementor-top-column elementor-element elementor-element-874db5b\" data-id=\"874db5b\" data-element_type=\"column\" data-e-type=\"column\">\n\t\t\t<div class=\"elementor-widget-wrap elementor-element-populated\">\n\t\t\t\t\t\t<div class=\"elementor-element elementor-element-aedf4e6 elementor-widget__width-auto elementor-widget elementor-widget-html\" data-id=\"aedf4e6\" data-element_type=\"widget\" data-e-type=\"widget\" data-widget_type=\"html.default\">\n\t\t\t\t<div class=\"elementor-widget-container\">\n\t\t\t\t\t<a class=\"btn-black btn-medium\" href=\"https:\/\/gaviaspreview.com\/wp\/tevily\/tours-list-view\/?same_page=1\">\n    Book Tour Now\n<\/a>\t\t\t\t<\/div>\n\t\t\t\t<\/div>\n\t\t\t\t\t<\/div>\n\t\t<\/div>\n\t\t\t\t\t<\/div>\n\t\t<\/section>\n\t\t\t\t<section class=\"elementor-section elementor-top-section elementor-element elementor-element-6826d3b elementor-section-boxed elementor-section-height-default elementor-section-height-default row-top\" data-id=\"6826d3b\" data-element_type=\"section\" data-e-type=\"section\">\n\t\t\t\t\t\t<div class=\"elementor-container elementor-column-gap-default\">\n\t\t\t\t\t<div class=\"elementor-column elementor-col-100 elementor-top-column elementor-element elementor-element-e8ce769\" data-id=\"e8ce769\" data-element_type=\"column\" data-e-type=\"column\">\n\t\t\t<div class=\"elementor-widget-wrap elementor-element-populated\">\n\t\t\t\t\t\t<div class=\"elementor-element elementor-element-af66bda elementor-widget elementor-widget-spacer\" data-id=\"af66bda\" data-element_type=\"widget\" data-e-type=\"widget\" data-widget_type=\"spacer.default\">\n\t\t\t\t<div class=\"elementor-widget-container\">\n\t\t\t\t\t\t\t<div class=\"elementor-spacer\">\n\t\t\t<div class=\"elementor-spacer-inner\"><\/div>\n\t\t<\/div>\n\t\t\t\t\t\t<\/div>\n\t\t\t\t<\/div>\n\t\t\t\t\t<\/div>\n\t\t<\/div>\n\t\t\t\t\t<\/div>\n\t\t<\/section>\n\t\t\t\t<\/div>\n\t\t","protected":false},"excerpt":{"rendered":"<p>Expozi\u021bia de pictur\u0103 \u0219i grafic\u0103 Andrada B\u0103leanu Aeroportul Interna\u021bional Craiova g\u0103zduie\u0219te din dat\u0103 de 29 iunie, \u00een Galeria pietonal\u0103 a Aeroportului expozi\u021bia de pictur\u0103 \u0219i grafic\u0103 a unei tinere talentate, Andrada B\u0103leanu, elev\u0103 la Colegiul Na\u021bional \u201cFra\u021bii Buze\u0219ti\u201d. Plan your trip with us Ready for an unforgetable tour? Book Tour Now<\/p>","protected":false},"author":1,"featured_media":0,"parent":0,"menu_order":0,"comment_status":"closed","ping_status":"closed","template":"","meta":{"footnotes":""},"class_list":["post-2812","page","type-page","status-publish","hentry"],"_links":{"self":[{"href":"https:\/\/aeroportcraiova.ro\/sr\/wp-json\/wp\/v2\/pages\/2812","targetHints":{"allow":["GET"]}}],"collection":[{"href":"https:\/\/aeroportcraiova.ro\/sr\/wp-json\/wp\/v2\/pages"}],"about":[{"href":"https:\/\/aeroportcraiova.ro\/sr\/wp-json\/wp\/v2\/types\/page"}],"author":[{"embeddable":true,"href":"https:\/\/aeroportcraiova.ro\/sr\/wp-json\/wp\/v2\/users\/1"}],"replies":[{"embeddable":true,"href":"https:\/\/aeroportcraiova.ro\/sr\/wp-json\/wp\/v2\/comments?post=2812"}],"version-history":[{"count":7,"href":"https:\/\/aeroportcraiova.ro\/sr\/wp-json\/wp\/v2\/pages\/2812\/revisions"}],"predecessor-version":[{"id":2826,"href":"https:\/\/aeroportcraiova.ro\/sr\/wp-json\/wp\/v2\/pages\/2812\/revisions\/2826"}],"wp:attachment":[{"href":"https:\/\/aeroportcraiova.ro\/sr\/wp-json\/wp\/v2\/media?parent=2812"}],"curies":[{"name":"wp","href":"https:\/\/api.w.org\/{rel}","templated":true}]}}