{"id":4924,"date":"2023-01-27T10:31:58","date_gmt":"2023-01-27T10:31:58","guid":{"rendered":"https:\/\/www.aeroportcraiova.ro\/?page_id=4924"},"modified":"2023-01-27T10:37:45","modified_gmt":"2023-01-27T10:37:45","slug":"drone","status":"publish","type":"page","link":"https:\/\/aeroportcraiova.ro\/sr\/drone\/","title":{"rendered":"Drone"},"content":{"rendered":"<div data-elementor-type=\"wp-page\" data-elementor-id=\"4924\" class=\"elementor elementor-4924\">\n\t\t\t\t\t\t<section class=\"elementor-section elementor-top-section elementor-element elementor-element-56f36bb9 elementor-section-boxed elementor-section-height-default elementor-section-height-default row-top\" data-id=\"56f36bb9\" data-element_type=\"section\" data-e-type=\"section\">\n\t\t\t\t\t\t<div class=\"elementor-container elementor-column-gap-default\">\n\t\t\t\t\t<div class=\"elementor-column elementor-col-100 elementor-top-column elementor-element elementor-element-2fd252b7\" data-id=\"2fd252b7\" data-element_type=\"column\" data-e-type=\"column\">\n\t\t\t<div class=\"elementor-widget-wrap elementor-element-populated\">\n\t\t\t\t\t\t<div class=\"elementor-element elementor-element-4176a83b elementor-widget elementor-widget-heading\" data-id=\"4176a83b\" data-element_type=\"widget\" data-e-type=\"widget\" data-widget_type=\"heading.default\">\n\t\t\t\t<div class=\"elementor-widget-container\">\n\t\t\t\t\t<h2 class=\"elementor-heading-title elementor-size-default\">DRONE<\/h2>\t\t\t\t<\/div>\n\t\t\t\t<\/div>\n\t\t\t\t<section class=\"elementor-section elementor-inner-section elementor-element elementor-element-6c63f3c1 elementor-section-boxed elementor-section-height-default elementor-section-height-default row-top\" data-id=\"6c63f3c1\" data-element_type=\"section\" data-e-type=\"section\">\n\t\t\t\t\t\t<div class=\"elementor-container elementor-column-gap-default\">\n\t\t\t\t\t<div class=\"elementor-column elementor-col-50 elementor-inner-column elementor-element elementor-element-3344612e\" data-id=\"3344612e\" data-element_type=\"column\" data-e-type=\"column\">\n\t\t\t<div class=\"elementor-widget-wrap elementor-element-populated\">\n\t\t\t\t\t\t<div class=\"elementor-element elementor-element-327942f5 elementor-widget elementor-widget-video\" data-id=\"327942f5\" data-element_type=\"widget\" data-e-type=\"widget\" data-settings=\"{&quot;video_type&quot;:&quot;hosted&quot;,&quot;controls&quot;:&quot;yes&quot;}\" data-widget_type=\"video.default\">\n\t\t\t\t<div class=\"elementor-widget-container\">\n\t\t\t\t\t\t\t<div class=\"e-hosted-video elementor-wrapper elementor-open-inline\">\n\t\t\t\t\t<video class=\"elementor-video\" src=\"https:\/\/www.aeroportcraiova.ro\/wp-content\/uploads\/2023\/01\/Video-drone.mp4\" controls=\"\" preload=\"metadata\" controlslist=\"nodownload\"><\/video>\n\t\t\t\t<\/div>\n\t\t\t\t\t\t<\/div>\n\t\t\t\t<\/div>\n\t\t\t\t<div class=\"elementor-element elementor-element-28c2114a elementor-widget elementor-widget-text-editor\" data-id=\"28c2114a\" data-element_type=\"widget\" data-e-type=\"widget\" data-widget_type=\"text-editor.default\">\n\t\t\t\t<div class=\"elementor-widget-container\">\n\t\t\t\t\t\t\t\t\t<p>Video Credit: Australian Governement &#8211; Civil Aviation Safety Authority<\/p>\t\t\t\t\t\t\t\t<\/div>\n\t\t\t\t<\/div>\n\t\t\t\t\t<\/div>\n\t\t<\/div>\n\t\t\t\t<div class=\"elementor-column elementor-col-50 elementor-inner-column elementor-element elementor-element-125a9aec\" data-id=\"125a9aec\" data-element_type=\"column\" data-e-type=\"column\">\n\t\t\t<div class=\"elementor-widget-wrap elementor-element-populated\">\n\t\t\t\t\t\t<div class=\"elementor-element elementor-element-dda5a67 elementor-widget elementor-widget-text-editor\" data-id=\"dda5a67\" data-element_type=\"widget\" data-e-type=\"widget\" data-widget_type=\"text-editor.default\">\n\t\t\t\t<div class=\"elementor-widget-container\">\n\t\t\t\t\t\t\t\t\t<ul><li>In ultima perioada utilizarea dronelor in scopuri personale a devenit din ce in ce mai frecventa, crescand astfel si numarul incidentelor cauzate de acest aspect.<\/li><li>Mai multe drone pe cer \u00eenseamn\u0103 c\u0103 este important s\u0103 \u00een\u021belegem cu to\u021bii regulile de siguran\u021b\u0103, pe p\u0103m\u00e2nt \u0219i \u00een aer.<\/li><li>Iat\u0103 ce trebuie sa stiti \u00eenainte de decolare:<\/li><li>C\u00e2nd drona dumneavoastra este \u00een aer, nu pute\u021bi zbura niciodat\u0103 drona deasupra nim\u0103nui. Inclusiv locuri precum festivaluri, evenimente sportive, plaje populate, drumuri aglomerate \u0219i pietoni. \u0218i c\u00e2nd sunt oameni \u00een jur, drona trebuie s\u0103 fie la cel pu\u021bin 30 de metri de ei, cu excep\u021bia cazului \u00een care cealalt\u0103 persoan\u0103 ajut\u0103 la control sau naviga\u021bia dronei.<\/li><\/ul>\t\t\t\t\t\t\t\t<\/div>\n\t\t\t\t<\/div>\n\t\t\t\t\t<\/div>\n\t\t<\/div>\n\t\t\t\t\t<\/div>\n\t\t<\/section>\n\t\t\t\t<div class=\"elementor-element elementor-element-cad6898 elementor-widget elementor-widget-text-editor\" data-id=\"cad6898\" data-element_type=\"widget\" data-e-type=\"widget\" data-widget_type=\"text-editor.default\">\n\t\t\t\t<div class=\"elementor-widget-container\">\n\t\t\t\t\t\t\t\t\t<ul><li>Pute\u021bi zbura doar cu o dron\u0103 o data, iar acea dron\u0103 nu poate zbura mai sus de 120 metri &#8211; aproximativ lungimea unui teren de fotbal.<\/li><li>Dronele pot fi considerate aparate zburatoare, dar nu pot zbura nic\u0103ieri \u00een apropierea aeroporturilor importante. Trebuie ridicate la cel pu\u021bin 5,5 kilometri distan\u021b\u0103 de un aeroport si pute\u021bi pilota drona pe o raz\u0103 de 5,5 kilometri de aeroport \u00een sine sau de zonele \u00een care aeronavele vor ateriza \u0219i decola.<\/li><li>Dac\u0103 sunteti informati ca avioane sunt in apropiere, va trebui s\u0103 va indepartati \u0219i sa ateriza\u021bi drona c\u00e2t mai repede \u0219i \u00een siguran\u021b\u0103 posibil.<\/li><li>Dronele nu sunt aparate nocturne. Va puteti pilota drona doar \u00een timpul zilei \u0219i nu trebuie s\u0103 zburati pe vreme innorata sau cea\u021b\u0103. Trebuie s\u0103 o pastrati \u00een linia dumneavoastra vizual\u0103. Aceasta \u00eenseamn\u0103 s\u0103 po\u021bi naviga, orienta \u0219i vedea drona cu proprii ochi \u00een orice moment \u2013 nu printr-un dispozitiv precum un ecran video sau ochelari de protec\u021bie.<\/li><li>\u0218i nu v\u0103 pute\u021bi zbura drona deasupra sau \u00een apropierea unei zone care afecteaz\u0103 siguran\u021ba public\u0103 sau unde opera\u021biunile de urgen\u021b\u0103 sunt \u00een desf\u0103\u0219urare. Acest lucru se aplic\u0103 situa\u021biilor precum accidentele rutiere, incendiile de vegeta\u021bie, eforturi de stingere a incendiilor, activitatea poli\u021biei de c\u0103utare \u0219i salvare. Dac\u0103 dronele interfereaza cu aceste situa\u021bii, vie\u021bile pot fi puse \u00een pericol.<\/li><li>\u00cenc\u0103lcarea regulilor v\u0103 poate crea probleme. Puteti fi amendat sau chiar va poate fi intentat un proces.<\/li><li>Dronele sunt distractive \u0219i, respect\u00e2nd aceste reguli simple, ne putem bucura cu to\u021bii de aer \u00eempreun\u0103.<\/li><li>Mai multe informatii puteti gasi si pe : https:\/\/www.caa.ro\/ro\/pages\/legislatie-drone.<\/li><\/ul>\t\t\t\t\t\t\t\t<\/div>\n\t\t\t\t<\/div>\n\t\t\t\t\t<\/div>\n\t\t<\/div>\n\t\t\t\t\t<\/div>\n\t\t<\/section>\n\t\t\t\t<\/div>","protected":false},"excerpt":{"rendered":"<p>DRONE https:\/\/www.aeroportcraiova.ro\/wp-content\/uploads\/2023\/01\/Video-drone.mp4 Video Credit: Australian Governement &#8211; Civil Aviation Safety Authority In ultima perioada utilizarea dronelor in scopuri personale a devenit din ce in ce mai frecventa, crescand astfel si numarul incidentelor cauzate de acest aspect. Mai multe drone pe cer \u00eenseamn\u0103 c\u0103 este important s\u0103 \u00een\u021belegem cu to\u021bii regulile de siguran\u021b\u0103, pe p\u0103m\u00e2nt \u0219i [&hellip;]<\/p>\n","protected":false},"author":2,"featured_media":0,"parent":0,"menu_order":0,"comment_status":"closed","ping_status":"closed","template":"","meta":{"footnotes":""},"class_list":["post-4924","page","type-page","status-publish","hentry"],"_links":{"self":[{"href":"https:\/\/aeroportcraiova.ro\/sr\/wp-json\/wp\/v2\/pages\/4924","targetHints":{"allow":["GET"]}}],"collection":[{"href":"https:\/\/aeroportcraiova.ro\/sr\/wp-json\/wp\/v2\/pages"}],"about":[{"href":"https:\/\/aeroportcraiova.ro\/sr\/wp-json\/wp\/v2\/types\/page"}],"author":[{"embeddable":true,"href":"https:\/\/aeroportcraiova.ro\/sr\/wp-json\/wp\/v2\/users\/2"}],"replies":[{"embeddable":true,"href":"https:\/\/aeroportcraiova.ro\/sr\/wp-json\/wp\/v2\/comments?post=4924"}],"version-history":[{"count":8,"href":"https:\/\/aeroportcraiova.ro\/sr\/wp-json\/wp\/v2\/pages\/4924\/revisions"}],"predecessor-version":[{"id":4933,"href":"https:\/\/aeroportcraiova.ro\/sr\/wp-json\/wp\/v2\/pages\/4924\/revisions\/4933"}],"wp:attachment":[{"href":"https:\/\/aeroportcraiova.ro\/sr\/wp-json\/wp\/v2\/media?parent=4924"}],"curies":[{"name":"wp","href":"https:\/\/api.w.org\/{rel}","templated":true}]}}