{"id":5660,"date":"2023-09-11T13:29:26","date_gmt":"2023-09-11T13:29:26","guid":{"rendered":"https:\/\/aeroportcraiova.ro\/?page_id=5660"},"modified":"2023-09-11T13:34:12","modified_gmt":"2023-09-11T13:34:12","slug":"harta-de-zgomot-aeroportuar","status":"publish","type":"page","link":"https:\/\/aeroportcraiova.ro\/sr\/harta-de-zgomot-aeroportuar\/","title":{"rendered":"Harta de zgomot aeroportuar"},"content":{"rendered":"<div data-elementor-type=\"wp-page\" data-elementor-id=\"5660\" class=\"elementor elementor-5660\">\n\t\t\t\t\t\t<section class=\"elementor-section elementor-top-section elementor-element elementor-element-bfa035d elementor-section-height-min-height elementor-section-items-top elementor-section-boxed elementor-section-height-default row-top\" data-id=\"bfa035d\" data-element_type=\"section\" data-e-type=\"section\">\n\t\t\t\t\t\t<div class=\"elementor-container elementor-column-gap-default\">\n\t\t\t\t\t<div class=\"elementor-column elementor-col-100 elementor-top-column elementor-element elementor-element-38cc6cb\" data-id=\"38cc6cb\" data-element_type=\"column\" data-e-type=\"column\">\n\t\t\t<div class=\"elementor-widget-wrap elementor-element-populated\">\n\t\t\t\t\t\t<div class=\"elementor-element elementor-element-123ffde elementor-icon-list--layout-traditional elementor-list-item-link-full_width elementor-widget elementor-widget-icon-list\" data-id=\"123ffde\" data-element_type=\"widget\" data-e-type=\"widget\" data-widget_type=\"icon-list.default\">\n\t\t\t\t<div class=\"elementor-widget-container\">\n\t\t\t\t\t\t\t<ul class=\"elementor-icon-list-items\">\n\t\t\t\t\t\t\t<li class=\"elementor-icon-list-item\">\n\t\t\t\t\t\t\t\t\t\t\t<a href=\"https:\/\/aeroportcraiova.ro\/wp-content\/uploads\/2023\/09\/Hotararea-Consiliului-Judetean-Dolj-nr.-229-privind-aprobarea-hartilor-strategice-de-zgomot-pentru-Aeroportul-International-Craiova.pdf\">\n\n\t\t\t\t\t\t\t\t\t\t\t\t<span class=\"elementor-icon-list-icon\">\n\t\t\t\t\t\t\t<i aria-hidden=\"true\" class=\"fas fa-circle\"><\/i>\t\t\t\t\t\t<\/span>\n\t\t\t\t\t\t\t\t\t\t<span class=\"elementor-icon-list-text\"> Hotararea Consiliului Judetean Dolj nr. 229 privind aprobarea hartilor strategice de zgomot pentru Aeroportul International Craiova<\/span>\n\t\t\t\t\t\t\t\t\t\t\t<\/a>\n\t\t\t\t\t\t\t\t\t<\/li>\n\t\t\t\t\t\t\t\t<li class=\"elementor-icon-list-item\">\n\t\t\t\t\t\t\t\t\t\t\t<a href=\"https:\/\/aeroportcraiova.ro\/wp-content\/uploads\/2023\/09\/RAPORT-PRIVIND-DATELE-UTILIZATE-IN-PROCESUL-DE-CARTARE-A-ZGOMOTULUI-IN-VEDEREA-REALIZARII-HARTILOR-DE-ZGOMOT.pdf\">\n\n\t\t\t\t\t\t\t\t\t\t\t\t<span class=\"elementor-icon-list-icon\">\n\t\t\t\t\t\t\t<i aria-hidden=\"true\" class=\"fas fa-circle\"><\/i>\t\t\t\t\t\t<\/span>\n\t\t\t\t\t\t\t\t\t\t<span class=\"elementor-icon-list-text\"> RAPORT PRIVIND DATELE UTILIZATE \u00ceN PROCESUL DE CARTARE A ZGOMOTULUI \u00ceN VEDEREA REALIZ\u0102RII H\u0102R\u0162ILOR DE ZGOMOT<\/span>\n\t\t\t\t\t\t\t\t\t\t\t<\/a>\n\t\t\t\t\t\t\t\t\t<\/li>\n\t\t\t\t\t\t\t\t<li class=\"elementor-icon-list-item\">\n\t\t\t\t\t\t\t\t\t\t\t<a href=\"https:\/\/aeroportcraiova.ro\/wp-content\/uploads\/2023\/09\/RAPORT-PRIVIND-REZULTATELE-OBTINUTE-DIN-PROCESUL-DE-CARTARE-A-ZGOMOTULUI.pdf\">\n\n\t\t\t\t\t\t\t\t\t\t\t\t<span class=\"elementor-icon-list-icon\">\n\t\t\t\t\t\t\t<i aria-hidden=\"true\" class=\"fas fa-circle\"><\/i>\t\t\t\t\t\t<\/span>\n\t\t\t\t\t\t\t\t\t\t<span class=\"elementor-icon-list-text\"> RAPORT PRIVIND EVALUAREA REZULTATELOR OBTINUTE IN URMA PROCESULUI DE CARTARE A ZGOMOTULUI<\/span>\n\t\t\t\t\t\t\t\t\t\t\t<\/a>\n\t\t\t\t\t\t\t\t\t<\/li>\n\t\t\t\t\t\t\t\t<li class=\"elementor-icon-list-item\">\n\t\t\t\t\t\t\t\t\t\t\t<a href=\"https:\/\/aeroportcraiova.ro\/wp-content\/uploads\/2023\/09\/RAPORT-PRIVIND-EVALUAREA-REZULTATELOR-OBTINUTE-IN-URMA-PROCESULUI-DE-CARTARE-A-ZGOMOTULUI.pdf\">\n\n\t\t\t\t\t\t\t\t\t\t\t\t<span class=\"elementor-icon-list-icon\">\n\t\t\t\t\t\t\t<i aria-hidden=\"true\" class=\"fas fa-circle\"><\/i>\t\t\t\t\t\t<\/span>\n\t\t\t\t\t\t\t\t\t\t<span class=\"elementor-icon-list-text\">RAPORT PRIVIND REZULTATELE OB\u021aINUTE DIN PROCESUL DE CARTARE A ZGOMOTULUI<\/span>\n\t\t\t\t\t\t\t\t\t\t\t<\/a>\n\t\t\t\t\t\t\t\t\t<\/li>\n\t\t\t\t\t\t<\/ul>\n\t\t\t\t\t\t<\/div>\n\t\t\t\t<\/div>\n\t\t\t\t\t<\/div>\n\t\t<\/div>\n\t\t\t\t\t<\/div>\n\t\t<\/section>\n\t\t\t\t<\/div>","protected":false},"excerpt":{"rendered":"<p>Hotararea Consiliului Judetean Dolj nr. 229 privind aprobarea hartilor strategice de zgomot pentru Aeroportul International Craiova RAPORT PRIVIND DATELE UTILIZATE \u00ceN PROCESUL DE CARTARE A ZGOMOTULUI \u00ceN VEDEREA REALIZ\u0102RII H\u0102R\u0162ILOR DE ZGOMOT RAPORT PRIVIND EVALUAREA REZULTATELOR OBTINUTE IN URMA PROCESULUI DE CARTARE A ZGOMOTULUI RAPORT PRIVIND REZULTATELE OB\u021aINUTE DIN PROCESUL DE CARTARE A ZGOMOTULUI<\/p>","protected":false},"author":2,"featured_media":0,"parent":0,"menu_order":0,"comment_status":"closed","ping_status":"closed","template":"","meta":{"footnotes":""},"class_list":["post-5660","page","type-page","status-publish","hentry"],"_links":{"self":[{"href":"https:\/\/aeroportcraiova.ro\/sr\/wp-json\/wp\/v2\/pages\/5660","targetHints":{"allow":["GET"]}}],"collection":[{"href":"https:\/\/aeroportcraiova.ro\/sr\/wp-json\/wp\/v2\/pages"}],"about":[{"href":"https:\/\/aeroportcraiova.ro\/sr\/wp-json\/wp\/v2\/types\/page"}],"author":[{"embeddable":true,"href":"https:\/\/aeroportcraiova.ro\/sr\/wp-json\/wp\/v2\/users\/2"}],"replies":[{"embeddable":true,"href":"https:\/\/aeroportcraiova.ro\/sr\/wp-json\/wp\/v2\/comments?post=5660"}],"version-history":[{"count":4,"href":"https:\/\/aeroportcraiova.ro\/sr\/wp-json\/wp\/v2\/pages\/5660\/revisions"}],"predecessor-version":[{"id":5669,"href":"https:\/\/aeroportcraiova.ro\/sr\/wp-json\/wp\/v2\/pages\/5660\/revisions\/5669"}],"wp:attachment":[{"href":"https:\/\/aeroportcraiova.ro\/sr\/wp-json\/wp\/v2\/media?parent=5660"}],"curies":[{"name":"wp","href":"https:\/\/api.w.org\/{rel}","templated":true}]}}