{"id":6341,"date":"2024-03-21T12:18:52","date_gmt":"2024-03-21T12:18:52","guid":{"rendered":"https:\/\/aeroportcraiova.ro\/?page_id=6341"},"modified":"2024-03-21T12:20:10","modified_gmt":"2024-03-21T12:20:10","slug":"bransament-la-reteaua-de-energie-electrica-pentru-proiectul-extinderea-si-modernizarea-aeroportului-international-craiova-spor-de-putere-aic-lot-3-dirigentie-varianta-1-etapa-iii-dirigentie","status":"publish","type":"page","link":"https:\/\/aeroportcraiova.ro\/sr\/licitatii-publice\/bransament-la-reteaua-de-energie-electrica-pentru-proiectul-extinderea-si-modernizarea-aeroportului-international-craiova-spor-de-putere-aic-lot-3-dirigentie-varianta-1-etapa-iii-dirigentie\/","title":{"rendered":"Bransament la reteaua de energie electrica pentru proiectul &#8220;Extinderea si Modernizarea Aeroportului International Craiova&#8221; &#8211; Spor de Putere AIC Lot 3 dirigentie  Varianta 1, Etapa III  ( Dirigentie de santier)"},"content":{"rendered":"<div data-elementor-type=\"wp-page\" data-elementor-id=\"6341\" class=\"elementor elementor-6341\">\n\t\t\t\t\t\t<section class=\"elementor-section elementor-top-section elementor-element elementor-element-bfa035d elementor-section-height-min-height elementor-section-items-top elementor-section-boxed elementor-section-height-default row-top\" data-id=\"bfa035d\" data-element_type=\"section\" data-e-type=\"section\">\n\t\t\t\t\t\t<div class=\"elementor-container elementor-column-gap-default\">\n\t\t\t\t\t<div class=\"elementor-column elementor-col-100 elementor-top-column elementor-element elementor-element-38cc6cb\" data-id=\"38cc6cb\" data-element_type=\"column\" data-e-type=\"column\">\n\t\t\t<div class=\"elementor-widget-wrap elementor-element-populated\">\n\t\t\t\t\t\t<div class=\"elementor-element elementor-element-123ffde elementor-icon-list--layout-traditional elementor-list-item-link-full_width elementor-widget elementor-widget-icon-list\" data-id=\"123ffde\" data-element_type=\"widget\" data-e-type=\"widget\" data-widget_type=\"icon-list.default\">\n\t\t\t\t<div class=\"elementor-widget-container\">\n\t\t\t\t\t\t\t<ul class=\"elementor-icon-list-items\">\n\t\t\t\t\t\t\t<li class=\"elementor-icon-list-item\">\n\t\t\t\t\t\t\t\t\t\t\t<a href=\"https:\/\/aeroportcraiova.ro\/wp-content\/uploads\/2024\/03\/ADV-publicat-in-SEAP-1.pdf\">\n\n\t\t\t\t\t\t\t\t\t\t\t\t<span class=\"elementor-icon-list-icon\">\n\t\t\t\t\t\t\t<i aria-hidden=\"true\" class=\"fas fa-circle\"><\/i>\t\t\t\t\t\t<\/span>\n\t\t\t\t\t\t\t\t\t\t<span class=\"elementor-icon-list-text\">Pentru a vizualiza Anuntul apas\u0103 click aici. <\/span>\n\t\t\t\t\t\t\t\t\t\t\t<\/a>\n\t\t\t\t\t\t\t\t\t<\/li>\n\t\t\t\t\t\t\t\t<li class=\"elementor-icon-list-item\">\n\t\t\t\t\t\t\t\t\t\t\t<a href=\"https:\/\/aeroportcraiova.ro\/wp-content\/uploads\/2024\/03\/1.Documentate-de-atribuire-Bransament-Spor-Putere-etapa-III-Dirigentie.pdf\">\n\n\t\t\t\t\t\t\t\t\t\t\t\t<span class=\"elementor-icon-list-icon\">\n\t\t\t\t\t\t\t<i aria-hidden=\"true\" class=\"fas fa-circle\"><\/i>\t\t\t\t\t\t<\/span>\n\t\t\t\t\t\t\t\t\t\t<span class=\"elementor-icon-list-text\">Pentru a vizualiza Documentatia de Atribuire apas\u0103 click aici. <\/span>\n\t\t\t\t\t\t\t\t\t\t\t<\/a>\n\t\t\t\t\t\t\t\t\t<\/li>\n\t\t\t\t\t\t\t\t<li class=\"elementor-icon-list-item\">\n\t\t\t\t\t\t\t\t\t\t\t<a href=\"https:\/\/aeroportcraiova.ro\/wp-content\/uploads\/2024\/03\/Formulare-DIRIGENTIE-editabile.docx\">\n\n\t\t\t\t\t\t\t\t\t\t\t\t<span class=\"elementor-icon-list-icon\">\n\t\t\t\t\t\t\t<i aria-hidden=\"true\" class=\"fas fa-circle\"><\/i>\t\t\t\t\t\t<\/span>\n\t\t\t\t\t\t\t\t\t\t<span class=\"elementor-icon-list-text\">Pentru a vizualiza Modelul de Formulare apas\u0103 click aici. <\/span>\n\t\t\t\t\t\t\t\t\t\t\t<\/a>\n\t\t\t\t\t\t\t\t\t<\/li>\n\t\t\t\t\t\t<\/ul>\n\t\t\t\t\t\t<\/div>\n\t\t\t\t<\/div>\n\t\t\t\t\t<\/div>\n\t\t<\/div>\n\t\t\t\t\t<\/div>\n\t\t<\/section>\n\t\t\t\t<\/div>","protected":false},"excerpt":{"rendered":"<p>Pentru a vizualiza Anuntul apas\u0103 click aici. Pentru a vizualiza Documentatia de Atribuire apas\u0103 click aici. Pentru a vizualiza Modelul de Formulare apas\u0103 click aici.<\/p>","protected":false},"author":2,"featured_media":0,"parent":3346,"menu_order":0,"comment_status":"closed","ping_status":"closed","template":"","meta":{"footnotes":""},"class_list":["post-6341","page","type-page","status-publish","hentry"],"_links":{"self":[{"href":"https:\/\/aeroportcraiova.ro\/sr\/wp-json\/wp\/v2\/pages\/6341","targetHints":{"allow":["GET"]}}],"collection":[{"href":"https:\/\/aeroportcraiova.ro\/sr\/wp-json\/wp\/v2\/pages"}],"about":[{"href":"https:\/\/aeroportcraiova.ro\/sr\/wp-json\/wp\/v2\/types\/page"}],"author":[{"embeddable":true,"href":"https:\/\/aeroportcraiova.ro\/sr\/wp-json\/wp\/v2\/users\/2"}],"replies":[{"embeddable":true,"href":"https:\/\/aeroportcraiova.ro\/sr\/wp-json\/wp\/v2\/comments?post=6341"}],"version-history":[{"count":3,"href":"https:\/\/aeroportcraiova.ro\/sr\/wp-json\/wp\/v2\/pages\/6341\/revisions"}],"predecessor-version":[{"id":6348,"href":"https:\/\/aeroportcraiova.ro\/sr\/wp-json\/wp\/v2\/pages\/6341\/revisions\/6348"}],"up":[{"embeddable":true,"href":"https:\/\/aeroportcraiova.ro\/sr\/wp-json\/wp\/v2\/pages\/3346"}],"wp:attachment":[{"href":"https:\/\/aeroportcraiova.ro\/sr\/wp-json\/wp\/v2\/media?parent=6341"}],"curies":[{"name":"wp","href":"https:\/\/api.w.org\/{rel}","templated":true}]}}