{"id":7985,"date":"2026-03-02T11:59:40","date_gmt":"2026-03-02T11:59:40","guid":{"rendered":"https:\/\/aeroportcraiova.ro\/?page_id=7985"},"modified":"2026-03-02T12:03:48","modified_gmt":"2026-03-02T12:03:48","slug":"reluat-servicii-supraveghere-lucrari-de-instalare-cef-aferent-contractului-proiectare-executie-centrala-electrica-fotovoltaica-cu-capacitate-de-stocare-pentru-proiectul-dezvoltarea-capac","status":"publish","type":"page","link":"https:\/\/aeroportcraiova.ro\/sr\/licitatii-publice\/reluat-servicii-supraveghere-lucrari-de-instalare-cef-aferent-contractului-proiectare-executie-centrala-electrica-fotovoltaica-cu-capacitate-de-stocare-pentru-proiectul-dezvoltarea-capac\/","title":{"rendered":"RELUAT &#8211; Servicii supraveghere lucr\u0103ri de instalare CEF aferent contractului Proiectare &#8211; execu\u021bie Central\u0103 Electric\u0103 Fotovoltaic\u0103 cu capacitate de stocare pentru proiectul  \u201eDezvoltarea capacit\u0103\u021bilor de produc\u021bie a energiei verzi pentru autoconsum la Aeroportul Interna\u021bional Craiova \u2013 Parc fotovoltaic de 2,1 MW cu capacitate instalat\u0103 de stocare 2,58MWh&#8221; Cod SMIS 347139"},"content":{"rendered":"<div data-elementor-type=\"wp-page\" data-elementor-id=\"7985\" class=\"elementor elementor-7985\">\n\t\t\t\t\t\t<section class=\"elementor-section elementor-top-section elementor-element elementor-element-bfa035d elementor-section-height-min-height elementor-section-items-top elementor-section-boxed elementor-section-height-default row-top\" data-id=\"bfa035d\" data-element_type=\"section\" data-e-type=\"section\">\n\t\t\t\t\t\t<div class=\"elementor-container elementor-column-gap-default\">\n\t\t\t\t\t<div class=\"elementor-column elementor-col-100 elementor-top-column elementor-element elementor-element-38cc6cb\" data-id=\"38cc6cb\" data-element_type=\"column\" data-e-type=\"column\">\n\t\t\t<div class=\"elementor-widget-wrap elementor-element-populated\">\n\t\t\t\t\t\t<div class=\"elementor-element elementor-element-123ffde elementor-icon-list--layout-traditional elementor-list-item-link-full_width elementor-widget elementor-widget-icon-list\" data-id=\"123ffde\" data-element_type=\"widget\" data-e-type=\"widget\" data-widget_type=\"icon-list.default\">\n\t\t\t\t<div class=\"elementor-widget-container\">\n\t\t\t\t\t\t\t<ul class=\"elementor-icon-list-items\">\n\t\t\t\t\t\t\t<li class=\"elementor-icon-list-item\">\n\t\t\t\t\t\t\t\t\t\t\t<a href=\"https:\/\/aeroportcraiova.ro\/wp-content\/uploads\/2026\/03\/5.-Anunt-publicitar-publicat-in-SEAP.pdf\" target=\"_blank\">\n\n\t\t\t\t\t\t\t\t\t\t\t\t<span class=\"elementor-icon-list-icon\">\n\t\t\t\t\t\t\t<i aria-hidden=\"true\" class=\"fas fa-circle\"><\/i>\t\t\t\t\t\t<\/span>\n\t\t\t\t\t\t\t\t\t\t<span class=\"elementor-icon-list-text\">Pentru a vizualiza Anuntul apas\u0103 click aici. <\/span>\n\t\t\t\t\t\t\t\t\t\t\t<\/a>\n\t\t\t\t\t\t\t\t\t<\/li>\n\t\t\t\t\t\t\t\t<li class=\"elementor-icon-list-item\">\n\t\t\t\t\t\t\t\t\t\t\t<a href=\"https:\/\/storage.rcs-rds.ro\/links\/78e97801-1b6a-4701-9f3a-a0232d3564ad\" target=\"_blank\">\n\n\t\t\t\t\t\t\t\t\t\t\t\t<span class=\"elementor-icon-list-icon\">\n\t\t\t\t\t\t\t<i aria-hidden=\"true\" class=\"fas fa-circle\"><\/i>\t\t\t\t\t\t<\/span>\n\t\t\t\t\t\t\t\t\t\t<span class=\"elementor-icon-list-text\">Pentru a desc\u0103rca Documentatia de Atribuire apas\u0103 click aici. <\/span>\n\t\t\t\t\t\t\t\t\t\t\t<\/a>\n\t\t\t\t\t\t\t\t\t<\/li>\n\t\t\t\t\t\t\t\t<li class=\"elementor-icon-list-item\">\n\t\t\t\t\t\t\t\t\t\t\t<a href=\"https:\/\/aeroportcraiova.ro\/wp-content\/uploads\/2026\/03\/1.INSTRUCTIUNI-pentru-OFERTANTI-si-modele-FORMULARE-dirigentie.docx\" target=\"_blank\">\n\n\t\t\t\t\t\t\t\t\t\t\t\t<span class=\"elementor-icon-list-icon\">\n\t\t\t\t\t\t\t<i aria-hidden=\"true\" class=\"fas fa-circle\"><\/i>\t\t\t\t\t\t<\/span>\n\t\t\t\t\t\t\t\t\t\t<span class=\"elementor-icon-list-text\">Pentru a vizualiza Instructiunile si Modelul de Formulare apas\u0103 click aici. <\/span>\n\t\t\t\t\t\t\t\t\t\t\t<\/a>\n\t\t\t\t\t\t\t\t\t<\/li>\n\t\t\t\t\t\t<\/ul>\n\t\t\t\t\t\t<\/div>\n\t\t\t\t<\/div>\n\t\t\t\t\t<\/div>\n\t\t<\/div>\n\t\t\t\t\t<\/div>\n\t\t<\/section>\n\t\t\t\t<\/div>","protected":false},"excerpt":{"rendered":"<p>Pentru a vizualiza Anuntul apas\u0103 click aici. Pentru a desc\u0103rca Documentatia de Atribuire apas\u0103 click aici. Pentru a vizualiza Instructiunile si Modelul de Formulare apas\u0103 click aici.<\/p>","protected":false},"author":2,"featured_media":0,"parent":3346,"menu_order":0,"comment_status":"closed","ping_status":"closed","template":"","meta":{"footnotes":""},"class_list":["post-7985","page","type-page","status-publish","hentry"],"_links":{"self":[{"href":"https:\/\/aeroportcraiova.ro\/sr\/wp-json\/wp\/v2\/pages\/7985","targetHints":{"allow":["GET"]}}],"collection":[{"href":"https:\/\/aeroportcraiova.ro\/sr\/wp-json\/wp\/v2\/pages"}],"about":[{"href":"https:\/\/aeroportcraiova.ro\/sr\/wp-json\/wp\/v2\/types\/page"}],"author":[{"embeddable":true,"href":"https:\/\/aeroportcraiova.ro\/sr\/wp-json\/wp\/v2\/users\/2"}],"replies":[{"embeddable":true,"href":"https:\/\/aeroportcraiova.ro\/sr\/wp-json\/wp\/v2\/comments?post=7985"}],"version-history":[{"count":3,"href":"https:\/\/aeroportcraiova.ro\/sr\/wp-json\/wp\/v2\/pages\/7985\/revisions"}],"predecessor-version":[{"id":7990,"href":"https:\/\/aeroportcraiova.ro\/sr\/wp-json\/wp\/v2\/pages\/7985\/revisions\/7990"}],"up":[{"embeddable":true,"href":"https:\/\/aeroportcraiova.ro\/sr\/wp-json\/wp\/v2\/pages\/3346"}],"wp:attachment":[{"href":"https:\/\/aeroportcraiova.ro\/sr\/wp-json\/wp\/v2\/media?parent=7985"}],"curies":[{"name":"wp","href":"https:\/\/api.w.org\/{rel}","templated":true}]}}